{"id":19839,"date":"2024-07-09T23:18:40","date_gmt":"2024-07-09T21:18:40","guid":{"rendered":"https:\/\/eterle.cz\/eshop\/produkt\/manzelska-postel-halabala\/"},"modified":"2025-02-16T02:46:22","modified_gmt":"2025-02-16T01:46:22","slug":"manzelska-postel-halabala","status":"publish","type":"product","link":"https:\/\/eterle.cz\/eshop\/produkt\/manzelska-postel-halabala\/","title":{"rendered":"Man\u017eelsk\u00e1 postel \/ Halabala"},"content":{"rendered":"<p>Man\u017eelsk\u00e1 postel, jej\u00ed\u017e sou\u010d\u00e1st\u00ed jsou i no\u010dn\u00ed stolky p\u0159id\u011blan\u00e9 na \u010dele postele a kulat\u00e9 stolky s opaxitov\u00fdm sklem na lampi\u010dku. Postel poch\u00e1z\u00ed z 50. let 20. stolet\u00ed dle designu Jind\u0159icha Halabaly, vyrobena v UP z\u00e1vodech. \u010celo postele i p\u0159edn\u00ed \u010d\u00e1st dve\u0159\u00ed stolk\u016f jsou intarzov\u00e1ny do vzoru \u0161achovnice. Kombinace tmav\u00e9ho a sv\u011btl\u00e9ho d\u0159eva spolu se \u0161achovnicovou intarzi\u00ed \u010din\u00ed z tohoto kusu n\u00e1bytku velmi zaj\u00edmav\u00fd prvek interi\u00e9ru. V tomto designu m\u00e1me do kompletu i men\u0161\u00ed \u0161atn\u00ed sk\u0159\u00ed\u0148, velkou \u0161atn\u00ed sk\u0159\u00ed\u0148 a dva typy toaletn\u00edch sk\u0159\u00edn\u011bk.<\/p>\n<p>Stav: p\u016fvodn\u00ed velmi dobr\u00fd, pouze skla u no\u010dn\u00edch stolk\u016f maj\u00ed m\u00edsty odlouplou spodn\u00ed folii<br \/>\nZna\u010dka: Jind\u0159ich Halabala<br \/>\nRozm\u011br<br \/>\nV\u00fd\u0161ka: 90 cm<br \/>\nD\u00e9lka: 203 cm<br \/>\nmatrace 195&#215;80 cm<br \/>\n\u0160\u00ed\u0159ka: 283 cm<\/p>\n","protected":false},"excerpt":{"rendered":"<p>Man\u017eelsk\u00e1 postel, jej\u00ed\u017e sou\u010d\u00e1st\u00ed jsou i no\u010dn\u00ed stolky p\u0159id\u011blan\u00e9 na \u010dele postele a kulat\u00e9 stolky s opaxitov\u00fdm sklem na lampi\u010dku.<\/p>\n","protected":false},"featured_media":19840,"template":"","meta":[],"product_brand":[153],"product_cat":[91],"product_tag":[],"class_list":{"0":"post-19839","1":"product","2":"type-product","3":"status-publish","4":"has-post-thumbnail","6":"product_brand-eterle-cz","7":"product_cat-prodane","8":"product_shipping_class-nadrozmerne","10":"first","11":"outofstock","12":"purchasable","13":"product-type-simple"},"_links":{"self":[{"href":"https:\/\/eterle.cz\/eshop\/wp-json\/wp\/v2\/product\/19839","targetHints":{"allow":["GET"]}}],"collection":[{"href":"https:\/\/eterle.cz\/eshop\/wp-json\/wp\/v2\/product"}],"about":[{"href":"https:\/\/eterle.cz\/eshop\/wp-json\/wp\/v2\/types\/product"}],"version-history":[{"count":0,"href":"https:\/\/eterle.cz\/eshop\/wp-json\/wp\/v2\/product\/19839\/revisions"}],"wp:featuredmedia":[{"embeddable":true,"href":"https:\/\/eterle.cz\/eshop\/wp-json\/wp\/v2\/media\/19840"}],"wp:attachment":[{"href":"https:\/\/eterle.cz\/eshop\/wp-json\/wp\/v2\/media?parent=19839"}],"wp:term":[{"taxonomy":"product_brand","embeddable":true,"href":"https:\/\/eterle.cz\/eshop\/wp-json\/wp\/v2\/product_brand?post=19839"},{"taxonomy":"product_cat","embeddable":true,"href":"https:\/\/eterle.cz\/eshop\/wp-json\/wp\/v2\/product_cat?post=19839"},{"taxonomy":"product_tag","embeddable":true,"href":"https:\/\/eterle.cz\/eshop\/wp-json\/wp\/v2\/product_tag?post=19839"}],"curies":[{"name":"wp","href":"https:\/\/api.w.org\/{rel}","templated":true}]}}