{"id":19868,"date":"2024-07-09T23:19:28","date_gmt":"2024-07-09T21:19:28","guid":{"rendered":"https:\/\/eterle.cz\/eshop\/produkt\/velka-satni-skrin-halabala\/"},"modified":"2025-06-24T01:55:39","modified_gmt":"2025-06-23T23:55:39","slug":"velka-satni-skrin-halabala","status":"publish","type":"product","link":"https:\/\/eterle.cz\/eshop\/produkt\/velka-satni-skrin-halabala\/","title":{"rendered":"Velk\u00e1 \u0161atn\u00ed sk\u0159\u00ed\u0148 \/ Halabala"},"content":{"rendered":"<p>Solit\u00e9rn\u00ed velk\u00e1 \u0161atn\u00ed sk\u0159\u00ed\u0148 z 50. let 20. stolet\u00ed dle designu Jind\u0159icha Halabaly, vyrobena v UP z\u00e1vodech. P\u0159edn\u00ed \u010d\u00e1st dve\u0159\u00ed je intarzovan\u00e1 do vzoru \u0161achovnice. Korpus sk\u0159\u00edn\u011b je d\u00fdhovan\u00fd. Kombinace tmav\u00e9ho a sv\u011btl\u00e9ho d\u0159eva spolu se \u0161achovnicovou intarzi\u00ed \u010din\u00ed z tohoto kusu n\u00e1bytku velmi zaj\u00edmav\u00fd prvek interi\u00e9ru. V tomto designu m\u00e1me do kompletu i man\u017eelskou postel, men\u0161\u00ed \u0161atn\u00ed sk\u0159\u00ed\u0148 a dva typy toaletn\u00edch sk\u0159\u00edn\u011bk.<\/p>\n<p>Stav: p\u016fvodn\u00ed velmi dobr\u00fd<br \/>\nZna\u010dka: Jind\u0159ich Halabala<br \/>\nRozm\u011br<br \/>\nV\u00fd\u0161ka: 176 cm<br \/>\nHloubka: 60 cm<br \/>\n\u0160\u00ed\u0159ka: 189 cm<\/p>\n","protected":false},"excerpt":{"rendered":"<p>Solit\u00e9rn\u00ed velk\u00e1 \u0161atn\u00ed sk\u0159\u00ed\u0148 z 50. let 20. stolet\u00ed dle designu Jind\u0159icha Halabaly, vyrobena v UP z\u00e1vodech. P\u0159edn\u00ed \u010d\u00e1st dve\u0159\u00ed<\/p>\n","protected":false},"featured_media":19869,"template":"","meta":[],"product_brand":[153],"product_cat":[130,125],"product_tag":[],"class_list":{"0":"post-19868","1":"product","2":"type-product","3":"status-publish","4":"has-post-thumbnail","6":"product_brand-eterle-cz","7":"product_cat-nabytek","8":"product_cat-komody-a-skrine","9":"product_shipping_class-nadrozmerne","11":"first","12":"instock","13":"purchasable","14":"product-type-simple"},"_links":{"self":[{"href":"https:\/\/eterle.cz\/eshop\/wp-json\/wp\/v2\/product\/19868","targetHints":{"allow":["GET"]}}],"collection":[{"href":"https:\/\/eterle.cz\/eshop\/wp-json\/wp\/v2\/product"}],"about":[{"href":"https:\/\/eterle.cz\/eshop\/wp-json\/wp\/v2\/types\/product"}],"version-history":[{"count":2,"href":"https:\/\/eterle.cz\/eshop\/wp-json\/wp\/v2\/product\/19868\/revisions"}],"predecessor-version":[{"id":26523,"href":"https:\/\/eterle.cz\/eshop\/wp-json\/wp\/v2\/product\/19868\/revisions\/26523"}],"wp:featuredmedia":[{"embeddable":true,"href":"https:\/\/eterle.cz\/eshop\/wp-json\/wp\/v2\/media\/19869"}],"wp:attachment":[{"href":"https:\/\/eterle.cz\/eshop\/wp-json\/wp\/v2\/media?parent=19868"}],"wp:term":[{"taxonomy":"product_brand","embeddable":true,"href":"https:\/\/eterle.cz\/eshop\/wp-json\/wp\/v2\/product_brand?post=19868"},{"taxonomy":"product_cat","embeddable":true,"href":"https:\/\/eterle.cz\/eshop\/wp-json\/wp\/v2\/product_cat?post=19868"},{"taxonomy":"product_tag","embeddable":true,"href":"https:\/\/eterle.cz\/eshop\/wp-json\/wp\/v2\/product_tag?post=19868"}],"curies":[{"name":"wp","href":"https:\/\/api.w.org\/{rel}","templated":true}]}}