{"id":19883,"date":"2024-07-09T23:19:52","date_gmt":"2024-07-09T21:19:52","guid":{"rendered":"https:\/\/eterle.cz\/eshop\/produkt\/toaletni-skrinka-halabala\/"},"modified":"2026-01-05T07:46:20","modified_gmt":"2026-01-05T06:46:20","slug":"toaletni-skrinka-halabala","status":"publish","type":"product","link":"https:\/\/eterle.cz\/eshop\/produkt\/toaletni-skrinka-halabala\/","title":{"rendered":"Toaletn\u00ed sk\u0159\u00ed\u0148ka \/ Halabala"},"content":{"rendered":"<p>Toaletka z 50. let 20. stolet\u00ed dle designu Jind\u0159icha Halabaly, vyrobena v UP z\u00e1vodech. P\u0159edn\u00ed \u010d\u00e1st dv\u00ed\u0159ek je intarzovan\u00e1 do vzoru \u0161achovnice. Uvnit\u0159 sk\u0159\u00ed\u0148ky jsou dv\u011b praktick\u00e9 poli\u010dky z oh\u00fdban\u00e9 p\u0159ekli\u017eky. Na horn\u00ed desce sk\u0159\u00ed\u0148ky je \u010dir\u00e9 sklo podlo\u017een\u00e9 pap\u00edrem. V tomto designu m\u00e1me do kompletu i man\u017eelskou postel, men\u0161\u00ed \u0161atn\u00ed sk\u0159\u00ed\u0148, velkou \u0161atn\u00ed sk\u0159\u00ed\u0148 a men\u0161\u00ed toaletn\u00ed sk\u0159\u00ed\u0148ku.<\/p>\n<p>Stav: p\u016fvodn\u00ed velmi dobr\u00fd, drobn\u00e9 nedostatky na fotk\u00e1ch<br \/>\nZna\u010dka: Jind\u0159ich Halabala<br \/>\nRozm\u011br<br \/>\nV\u00fd\u0161ka: 166 cm<br \/>\nHloubka: 40 cm<br \/>\n\u0160\u00ed\u0159ka: 11,5 cm<\/p>\n","protected":false},"excerpt":{"rendered":"<p>Toaletka z 50. let 20. stolet\u00ed dle designu Jind\u0159icha Halabaly, vyrobena v UP z\u00e1vodech. P\u0159edn\u00ed \u010d\u00e1st dv\u00ed\u0159ek je intarzovan\u00e1 do<\/p>\n","protected":false},"featured_media":19884,"template":"","meta":[],"product_brand":[153],"product_cat":[91],"product_tag":[],"class_list":{"0":"post-19883","1":"product","2":"type-product","3":"status-publish","4":"has-post-thumbnail","6":"product_brand-eterle-cz","7":"product_cat-prodane","8":"product_shipping_class-nadrozmerne","10":"first","11":"outofstock","12":"purchasable","13":"product-type-simple"},"_links":{"self":[{"href":"https:\/\/eterle.cz\/eshop\/wp-json\/wp\/v2\/product\/19883","targetHints":{"allow":["GET"]}}],"collection":[{"href":"https:\/\/eterle.cz\/eshop\/wp-json\/wp\/v2\/product"}],"about":[{"href":"https:\/\/eterle.cz\/eshop\/wp-json\/wp\/v2\/types\/product"}],"version-history":[{"count":1,"href":"https:\/\/eterle.cz\/eshop\/wp-json\/wp\/v2\/product\/19883\/revisions"}],"predecessor-version":[{"id":26522,"href":"https:\/\/eterle.cz\/eshop\/wp-json\/wp\/v2\/product\/19883\/revisions\/26522"}],"wp:featuredmedia":[{"embeddable":true,"href":"https:\/\/eterle.cz\/eshop\/wp-json\/wp\/v2\/media\/19884"}],"wp:attachment":[{"href":"https:\/\/eterle.cz\/eshop\/wp-json\/wp\/v2\/media?parent=19883"}],"wp:term":[{"taxonomy":"product_brand","embeddable":true,"href":"https:\/\/eterle.cz\/eshop\/wp-json\/wp\/v2\/product_brand?post=19883"},{"taxonomy":"product_cat","embeddable":true,"href":"https:\/\/eterle.cz\/eshop\/wp-json\/wp\/v2\/product_cat?post=19883"},{"taxonomy":"product_tag","embeddable":true,"href":"https:\/\/eterle.cz\/eshop\/wp-json\/wp\/v2\/product_tag?post=19883"}],"curies":[{"name":"wp","href":"https:\/\/api.w.org\/{rel}","templated":true}]}}