{"id":19966,"date":"2024-07-09T23:22:05","date_gmt":"2024-07-09T21:22:05","guid":{"rendered":"https:\/\/eterle.cz\/eshop\/produkt\/polohovaci-kreslo-skandinavie\/"},"modified":"2025-04-18T21:46:30","modified_gmt":"2025-04-18T19:46:30","slug":"polohovaci-kreslo-skandinavie","status":"publish","type":"product","link":"https:\/\/eterle.cz\/eshop\/produkt\/polohovaci-kreslo-skandinavie\/","title":{"rendered":"Polohovac\u00ed k\u0159eslo \/ Skandin\u00e1vie"},"content":{"rendered":"<p>Polohovac\u00ed velmi pohodln\u00e9 k\u0159eslo a taburet vyroben v 70. letech minul\u00e9ho stolet\u00ed ve Skandin\u00e1vii. Styl t\u011bchto seversk\u00fdch zem\u00ed se moment\u00e1ln\u011b t\u011b\u0161\u00ed velk\u00e9 oblib\u011b. K\u0159eslo je v proveden\u00ed hn\u011bd\u00e9 k\u016f\u017ee a dubov\u00e9ho tmav\u011b hn\u011bd\u00e9ho d\u0159eva.<\/p>\n<p>Stav: velmi dobr\u00fd p\u016fvodn\u00ed, polohovac\u00ed syst\u00e9m funk\u010dn\u00ed<br \/>\nRozm\u011br<br \/>\nK\u0159eslo<br \/>\nV\u00fd\u0161ka: 101 cm<br \/>\n\u0160\u00ed\u0159ka: 78 cm<br \/>\nHloubka: 80,5 cm<br \/>\nV\u00fd\u0161ka sed\u00e1ku: 41 cm<br \/>\nHloubka sed\u00e1ku: 48 cm<br \/>\n\u0160\u00ed\u0159ka sed\u00e1ku: 54 cm<br \/>\nD\u00e9lka rozlo\u017een\u00e9ho: 121 cm<br \/>\nTaburet<br \/>\nV\u00fd\u0161ka: 37 cm, \u0160\u00ed\u0159ka: 60 cm, Hloubka: 44 cm<\/p>\n","protected":false},"excerpt":{"rendered":"<p>Polohovac\u00ed velmi pohodln\u00e9 k\u0159eslo a taburet vyroben v 70. letech minul\u00e9ho stolet\u00ed ve Skandin\u00e1vii. Styl t\u011bchto seversk\u00fdch zem\u00ed se moment\u00e1ln\u011b<\/p>\n","protected":false},"featured_media":19967,"template":"","meta":[],"product_brand":[153],"product_cat":[91],"product_tag":[],"class_list":{"0":"post-19966","1":"product","2":"type-product","3":"status-publish","4":"has-post-thumbnail","6":"product_brand-eterle-cz","7":"product_cat-prodane","8":"product_shipping_class-nadrozmerne","10":"first","11":"outofstock","12":"purchasable","13":"product-type-simple"},"_links":{"self":[{"href":"https:\/\/eterle.cz\/eshop\/wp-json\/wp\/v2\/product\/19966","targetHints":{"allow":["GET"]}}],"collection":[{"href":"https:\/\/eterle.cz\/eshop\/wp-json\/wp\/v2\/product"}],"about":[{"href":"https:\/\/eterle.cz\/eshop\/wp-json\/wp\/v2\/types\/product"}],"version-history":[{"count":0,"href":"https:\/\/eterle.cz\/eshop\/wp-json\/wp\/v2\/product\/19966\/revisions"}],"wp:featuredmedia":[{"embeddable":true,"href":"https:\/\/eterle.cz\/eshop\/wp-json\/wp\/v2\/media\/19967"}],"wp:attachment":[{"href":"https:\/\/eterle.cz\/eshop\/wp-json\/wp\/v2\/media?parent=19966"}],"wp:term":[{"taxonomy":"product_brand","embeddable":true,"href":"https:\/\/eterle.cz\/eshop\/wp-json\/wp\/v2\/product_brand?post=19966"},{"taxonomy":"product_cat","embeddable":true,"href":"https:\/\/eterle.cz\/eshop\/wp-json\/wp\/v2\/product_cat?post=19966"},{"taxonomy":"product_tag","embeddable":true,"href":"https:\/\/eterle.cz\/eshop\/wp-json\/wp\/v2\/product_tag?post=19966"}],"curies":[{"name":"wp","href":"https:\/\/api.w.org\/{rel}","templated":true}]}}