{"id":19980,"date":"2024-07-09T23:22:27","date_gmt":"2024-07-09T21:22:27","guid":{"rendered":"https:\/\/eterle.cz\/eshop\/produkt\/zidle-s-vypletem-italie\/"},"modified":"2025-02-16T02:46:18","modified_gmt":"2025-02-16T01:46:18","slug":"zidle-s-vypletem-italie","status":"publish","type":"product","link":"https:\/\/eterle.cz\/eshop\/produkt\/zidle-s-vypletem-italie\/","title":{"rendered":"\u017didle s v\u00fdpletem \/ It\u00e1lie"},"content":{"rendered":"<p>Obl\u00edben\u00e1 \u017eidle s v\u00fdpletem inspirov\u00e1na zn\u00e1m\u00fdm modelem Cesca, kterou navrh Marcel Breuer, je pro sv\u016fj  minimalistick\u00fd a nad\u010dasov\u00fd design ji\u017e po desetilet\u00ed ikonou interi\u00e9rov\u00e9ho designu. \u017didle Cesca vyr\u00e1b\u00ed firma Gavina, kter\u00e1 jako jedin\u00e1 z\u00edskala licenci od Breuera. I tato \u017eidle, kterou m\u00e1me v nab\u00eddce, poch\u00e1z\u00ed z italsk\u00e9 d\u00edlny. Kombinuje elegantn\u00ed chromov\u00fd r\u00e1m s ratanov\u00fdm sed\u00e1kem a op\u011br\u00e1kem a d\u0159ev\u011bn\u00fdm lemov\u00e1n\u00edm s op\u011brkami.<\/p>\n<p>Stav: velmi dobr\u00fd p\u016fvodn\u00ed, jen jedna \u017eidle m\u00e1 na vrchn\u00ed \u010d\u00e1sti op\u011bradla po\u0161kozen\u00fd lak (viz foto)<br \/>\nZna\u010dka: made in Italy<br \/>\nRozm\u011br<br \/>\nV\u00fd\u0161ka: 81 cm<br \/>\n\u0160\u00ed\u0159ka 63 cm<br \/>\nHloubka: 52 cm<\/p>\n","protected":false},"excerpt":{"rendered":"<p>Obl\u00edben\u00e1 \u017eidle s v\u00fdpletem inspirov\u00e1na zn\u00e1m\u00fdm modelem Cesca, kterou navrh Marcel Breuer, je pro sv\u016fj minimalistick\u00fd a nad\u010dasov\u00fd design ji\u017e<\/p>\n","protected":false},"featured_media":19981,"template":"","meta":[],"product_brand":[153],"product_cat":[91],"product_tag":[],"class_list":{"0":"post-19980","1":"product","2":"type-product","3":"status-publish","4":"has-post-thumbnail","6":"product_brand-eterle-cz","7":"product_cat-prodane","8":"product_shipping_class-nadrozmerne","10":"first","11":"outofstock","12":"purchasable","13":"product-type-simple"},"_links":{"self":[{"href":"https:\/\/eterle.cz\/eshop\/wp-json\/wp\/v2\/product\/19980","targetHints":{"allow":["GET"]}}],"collection":[{"href":"https:\/\/eterle.cz\/eshop\/wp-json\/wp\/v2\/product"}],"about":[{"href":"https:\/\/eterle.cz\/eshop\/wp-json\/wp\/v2\/types\/product"}],"version-history":[{"count":0,"href":"https:\/\/eterle.cz\/eshop\/wp-json\/wp\/v2\/product\/19980\/revisions"}],"wp:featuredmedia":[{"embeddable":true,"href":"https:\/\/eterle.cz\/eshop\/wp-json\/wp\/v2\/media\/19981"}],"wp:attachment":[{"href":"https:\/\/eterle.cz\/eshop\/wp-json\/wp\/v2\/media?parent=19980"}],"wp:term":[{"taxonomy":"product_brand","embeddable":true,"href":"https:\/\/eterle.cz\/eshop\/wp-json\/wp\/v2\/product_brand?post=19980"},{"taxonomy":"product_cat","embeddable":true,"href":"https:\/\/eterle.cz\/eshop\/wp-json\/wp\/v2\/product_cat?post=19980"},{"taxonomy":"product_tag","embeddable":true,"href":"https:\/\/eterle.cz\/eshop\/wp-json\/wp\/v2\/product_tag?post=19980"}],"curies":[{"name":"wp","href":"https:\/\/api.w.org\/{rel}","templated":true}]}}