{"id":19993,"date":"2024-07-09T23:22:48","date_gmt":"2024-07-09T21:22:48","guid":{"rendered":"https:\/\/eterle.cz\/eshop\/produkt\/taburet-tam-tam\/"},"modified":"2025-02-16T02:46:18","modified_gmt":"2025-02-16T01:46:18","slug":"taburet-tam-tam","status":"publish","type":"product","link":"https:\/\/eterle.cz\/eshop\/produkt\/taburet-tam-tam\/","title":{"rendered":"Taburet Tam Tam"},"content":{"rendered":"<p>Slavn\u00e1 stoli\u010dka Tam Tam od n\u00e1vrh\u00e1\u0159e Henry Massonneta z roku 1968. Tehdy ji vyrobila jeho vlastn\u00ed spole\u010dnost Stamp. Henry Massonnet vyu\u017eil technick\u00fd pokrok v oblasti zpracov\u00e1n\u00ed plast\u016f k vym\u00fd\u0161len\u00ed nov\u00fdch forem. P\u016fvodn\u00ed model, \u010d. 169, lze rozlo\u017eit na t\u0159i \u010d\u00e1sti. Stoli\u010dka byla vyrobena v mnoha barevn\u00fdch variant\u00e1ch. Jej\u00ed vzhled p\u0159es\u00fdpac\u00edch hodin se stal ikonick\u00fdm p\u0159edm\u011btem francouzsk\u00e9ho designu, cenov\u011b dostupn\u00fdm i futuristick\u00fdm.<\/p>\n<p>Stav: p\u016fvodn\u00ed zachoval\u00fd, drobn\u00e9 od\u011brky<br \/>\nRozm\u011br<br \/>\nV\u00fd\u0161ka: 45,5 cm,<br \/>\nPr\u016fm\u011br: 30,5 cm<\/p>\n","protected":false},"excerpt":{"rendered":"<p>Slavn\u00e1 stoli\u010dka Tam Tam od n\u00e1vrh\u00e1\u0159e Henry Massonneta z roku 1968. Tehdy ji vyrobila jeho vlastn\u00ed spole\u010dnost Stamp. Henry Massonnet<\/p>\n","protected":false},"featured_media":19994,"template":"","meta":[],"product_brand":[153],"product_cat":[91],"product_tag":[],"class_list":{"0":"post-19993","1":"product","2":"type-product","3":"status-publish","4":"has-post-thumbnail","6":"product_brand-eterle-cz","7":"product_cat-prodane","8":"product_shipping_class-nadrozmerne","10":"first","11":"outofstock","12":"purchasable","13":"product-type-simple"},"_links":{"self":[{"href":"https:\/\/eterle.cz\/eshop\/wp-json\/wp\/v2\/product\/19993","targetHints":{"allow":["GET"]}}],"collection":[{"href":"https:\/\/eterle.cz\/eshop\/wp-json\/wp\/v2\/product"}],"about":[{"href":"https:\/\/eterle.cz\/eshop\/wp-json\/wp\/v2\/types\/product"}],"version-history":[{"count":0,"href":"https:\/\/eterle.cz\/eshop\/wp-json\/wp\/v2\/product\/19993\/revisions"}],"wp:featuredmedia":[{"embeddable":true,"href":"https:\/\/eterle.cz\/eshop\/wp-json\/wp\/v2\/media\/19994"}],"wp:attachment":[{"href":"https:\/\/eterle.cz\/eshop\/wp-json\/wp\/v2\/media?parent=19993"}],"wp:term":[{"taxonomy":"product_brand","embeddable":true,"href":"https:\/\/eterle.cz\/eshop\/wp-json\/wp\/v2\/product_brand?post=19993"},{"taxonomy":"product_cat","embeddable":true,"href":"https:\/\/eterle.cz\/eshop\/wp-json\/wp\/v2\/product_cat?post=19993"},{"taxonomy":"product_tag","embeddable":true,"href":"https:\/\/eterle.cz\/eshop\/wp-json\/wp\/v2\/product_tag?post=19993"}],"curies":[{"name":"wp","href":"https:\/\/api.w.org\/{rel}","templated":true}]}}