{"id":19999,"date":"2024-07-09T23:22:57","date_gmt":"2024-07-09T21:22:57","guid":{"rendered":"https:\/\/eterle.cz\/eshop\/produkt\/taburet-8\/"},"modified":"2025-02-16T02:46:18","modified_gmt":"2025-02-16T01:46:18","slug":"taburet-8","status":"publish","type":"product","link":"https:\/\/eterle.cz\/eshop\/produkt\/taburet-8\/","title":{"rendered":"Taburet"},"content":{"rendered":"<p>Mal\u00fd taburet ve tvaru trs\u00e1tka z obdob\u00ed bruselk\u00e9 \u00e9ry se zaj\u00edmav\u011b barevn\u00fdm p\u016fvodn\u00edm \u010daloun\u011bn\u00edm.<\/p>\n<p>Stav: velmi dobr\u00fd p\u016fvodn\u00ed<br \/>\nRozm\u011br<br \/>\nV\u00fd\u0161ka: 45 cm<br \/>\nSed\u00e1k: 34x37cm<\/p>\n","protected":false},"excerpt":{"rendered":"<p>Mal\u00fd taburet ve tvaru trs\u00e1tka z obdob\u00ed bruselk\u00e9 \u00e9ry se zaj\u00edmav\u011b barevn\u00fdm p\u016fvodn\u00edm \u010daloun\u011bn\u00edm. Stav: velmi dobr\u00fd p\u016fvodn\u00ed Rozm\u011br V\u00fd\u0161ka:<\/p>\n","protected":false},"featured_media":20000,"template":"","meta":[],"product_brand":[153],"product_cat":[91],"product_tag":[],"class_list":{"0":"post-19999","1":"product","2":"type-product","3":"status-publish","4":"has-post-thumbnail","6":"product_brand-eterle-cz","7":"product_cat-prodane","8":"product_shipping_class-nadrozmerne","10":"first","11":"outofstock","12":"purchasable","13":"product-type-simple"},"_links":{"self":[{"href":"https:\/\/eterle.cz\/eshop\/wp-json\/wp\/v2\/product\/19999","targetHints":{"allow":["GET"]}}],"collection":[{"href":"https:\/\/eterle.cz\/eshop\/wp-json\/wp\/v2\/product"}],"about":[{"href":"https:\/\/eterle.cz\/eshop\/wp-json\/wp\/v2\/types\/product"}],"version-history":[{"count":0,"href":"https:\/\/eterle.cz\/eshop\/wp-json\/wp\/v2\/product\/19999\/revisions"}],"wp:featuredmedia":[{"embeddable":true,"href":"https:\/\/eterle.cz\/eshop\/wp-json\/wp\/v2\/media\/20000"}],"wp:attachment":[{"href":"https:\/\/eterle.cz\/eshop\/wp-json\/wp\/v2\/media?parent=19999"}],"wp:term":[{"taxonomy":"product_brand","embeddable":true,"href":"https:\/\/eterle.cz\/eshop\/wp-json\/wp\/v2\/product_brand?post=19999"},{"taxonomy":"product_cat","embeddable":true,"href":"https:\/\/eterle.cz\/eshop\/wp-json\/wp\/v2\/product_cat?post=19999"},{"taxonomy":"product_tag","embeddable":true,"href":"https:\/\/eterle.cz\/eshop\/wp-json\/wp\/v2\/product_tag?post=19999"}],"curies":[{"name":"wp","href":"https:\/\/api.w.org\/{rel}","templated":true}]}}