{"id":20004,"date":"2024-07-09T23:23:06","date_gmt":"2024-07-09T21:23:06","guid":{"rendered":"https:\/\/eterle.cz\/eshop\/produkt\/set-jidelnich-zidli-dansko\/"},"modified":"2025-02-16T02:46:18","modified_gmt":"2025-02-16T01:46:18","slug":"set-jidelnich-zidli-dansko","status":"publish","type":"product","link":"https:\/\/eterle.cz\/eshop\/produkt\/set-jidelnich-zidli-dansko\/","title":{"rendered":"Set j\u00eddeln\u00edch \u017eidl\u00ed \/ D\u00e1nsko"},"content":{"rendered":"<p>Set \u0161est\u00ed j\u00eddeln\u00edch \u017eidl\u00ed z D\u00e1nska. Velmi elegantn\u00ed a jednoduch\u00fd design, kter\u00fd m\u016f\u017eete podtrhnout je\u0161t\u011b modern\u011bj\u0161\u00edm \u010daloun\u011bn\u00edm, kter\u00e9 zvl\u00e1dnete i doma.<\/p>\n<p>Stav: p\u016fvodn\u00ed zachoval\u00fd, u n\u011bkter\u00e9 \u017eidle trochu opr\u00fdskan\u00fd lak na kraj\u00edch op\u011bradla, \u010daloun\u011bn\u00ed zachoval\u00e9, ale doporu\u010dujeme d\u00e1t nov\u00e9<br \/>\nRozm\u011br<br \/>\nV\u00fd\u0161ka: 74 cm<br \/>\n\u0160\u00ed\u0159ka: 43,5 cm<br \/>\nHloubka: 45,4 cm<\/p>\n","protected":false},"excerpt":{"rendered":"<p>Set \u0161est\u00ed j\u00eddeln\u00edch \u017eidl\u00ed z D\u00e1nska. Velmi elegantn\u00ed a jednoduch\u00fd design, kter\u00fd m\u016f\u017eete podtrhnout je\u0161t\u011b modern\u011bj\u0161\u00edm \u010daloun\u011bn\u00edm, kter\u00e9 zvl\u00e1dnete i<\/p>\n","protected":false},"featured_media":20005,"template":"","meta":[],"product_brand":[153],"product_cat":[91],"product_tag":[],"class_list":{"0":"post-20004","1":"product","2":"type-product","3":"status-publish","4":"has-post-thumbnail","6":"product_brand-eterle-cz","7":"product_cat-prodane","8":"product_shipping_class-nadrozmerne","10":"first","11":"outofstock","12":"purchasable","13":"product-type-simple"},"_links":{"self":[{"href":"https:\/\/eterle.cz\/eshop\/wp-json\/wp\/v2\/product\/20004","targetHints":{"allow":["GET"]}}],"collection":[{"href":"https:\/\/eterle.cz\/eshop\/wp-json\/wp\/v2\/product"}],"about":[{"href":"https:\/\/eterle.cz\/eshop\/wp-json\/wp\/v2\/types\/product"}],"version-history":[{"count":0,"href":"https:\/\/eterle.cz\/eshop\/wp-json\/wp\/v2\/product\/20004\/revisions"}],"wp:featuredmedia":[{"embeddable":true,"href":"https:\/\/eterle.cz\/eshop\/wp-json\/wp\/v2\/media\/20005"}],"wp:attachment":[{"href":"https:\/\/eterle.cz\/eshop\/wp-json\/wp\/v2\/media?parent=20004"}],"wp:term":[{"taxonomy":"product_brand","embeddable":true,"href":"https:\/\/eterle.cz\/eshop\/wp-json\/wp\/v2\/product_brand?post=20004"},{"taxonomy":"product_cat","embeddable":true,"href":"https:\/\/eterle.cz\/eshop\/wp-json\/wp\/v2\/product_cat?post=20004"},{"taxonomy":"product_tag","embeddable":true,"href":"https:\/\/eterle.cz\/eshop\/wp-json\/wp\/v2\/product_tag?post=20004"}],"curies":[{"name":"wp","href":"https:\/\/api.w.org\/{rel}","templated":true}]}}