{"id":20015,"date":"2024-07-09T23:23:23","date_gmt":"2024-07-09T21:23:23","guid":{"rendered":"https:\/\/eterle.cz\/eshop\/produkt\/perinak-se-stenou\/"},"modified":"2025-06-24T01:55:38","modified_gmt":"2025-06-23T23:55:38","slug":"perinak-se-stenou","status":"publish","type":"product","link":"https:\/\/eterle.cz\/eshop\/produkt\/perinak-se-stenou\/","title":{"rendered":"Pe\u0159i\u0148\u00e1k se st\u011bnou"},"content":{"rendered":"<p>M\u00e1lo v\u00eddan\u00e1 bedna na pe\u0159iny ozvl\u00e1\u0161tn\u011bna vysokou ribstolovou st\u011bnou, na kterou lze zav\u011bsit poli\u010dky. Jednoduch\u00e9 dopln\u011bn\u00ed pe\u0159i\u0148\u00e1ku, kter\u00e9 jej ale povznese na zcela jedine\u010dn\u00fd kus n\u00e1bytku. Cel\u00fd syst\u00e9m je d\u011blan\u00fd pro uchycen\u00ed do stropu.<\/p>\n<p>Stav: p\u016fvodn\u00ed zachoval\u00fd, patina na vrchn\u00ed desce pe\u0159i\u0148\u00e1ku<br \/>\nRozm\u011br<br \/>\nV\u00fd\u0161ka: 251 cm,<br \/>\n\u0160\u00ed\u0159ka: 155,5 cm<br \/>\nHloubka: 35 cm<\/p>\n","protected":false},"excerpt":{"rendered":"<p>M\u00e1lo v\u00eddan\u00e1 bedna na pe\u0159iny ozvl\u00e1\u0161tn\u011bna vysokou ribstolovou st\u011bnou, na kterou lze zav\u011bsit poli\u010dky. Jednoduch\u00e9 dopln\u011bn\u00ed pe\u0159i\u0148\u00e1ku, kter\u00e9 jej ale<\/p>\n","protected":false},"featured_media":20016,"template":"","meta":[],"product_brand":[153],"product_cat":[130,125],"product_tag":[],"class_list":{"0":"post-20015","1":"product","2":"type-product","3":"status-publish","4":"has-post-thumbnail","6":"product_brand-eterle-cz","7":"product_cat-nabytek","8":"product_cat-komody-a-skrine","9":"product_shipping_class-nadrozmerne","11":"first","12":"instock","13":"sale","14":"purchasable","15":"product-type-simple"},"_links":{"self":[{"href":"https:\/\/eterle.cz\/eshop\/wp-json\/wp\/v2\/product\/20015","targetHints":{"allow":["GET"]}}],"collection":[{"href":"https:\/\/eterle.cz\/eshop\/wp-json\/wp\/v2\/product"}],"about":[{"href":"https:\/\/eterle.cz\/eshop\/wp-json\/wp\/v2\/types\/product"}],"version-history":[{"count":1,"href":"https:\/\/eterle.cz\/eshop\/wp-json\/wp\/v2\/product\/20015\/revisions"}],"predecessor-version":[{"id":26518,"href":"https:\/\/eterle.cz\/eshop\/wp-json\/wp\/v2\/product\/20015\/revisions\/26518"}],"wp:featuredmedia":[{"embeddable":true,"href":"https:\/\/eterle.cz\/eshop\/wp-json\/wp\/v2\/media\/20016"}],"wp:attachment":[{"href":"https:\/\/eterle.cz\/eshop\/wp-json\/wp\/v2\/media?parent=20015"}],"wp:term":[{"taxonomy":"product_brand","embeddable":true,"href":"https:\/\/eterle.cz\/eshop\/wp-json\/wp\/v2\/product_brand?post=20015"},{"taxonomy":"product_cat","embeddable":true,"href":"https:\/\/eterle.cz\/eshop\/wp-json\/wp\/v2\/product_cat?post=20015"},{"taxonomy":"product_tag","embeddable":true,"href":"https:\/\/eterle.cz\/eshop\/wp-json\/wp\/v2\/product_tag?post=20015"}],"curies":[{"name":"wp","href":"https:\/\/api.w.org\/{rel}","templated":true}]}}