{"id":20042,"date":"2024-07-09T23:24:06","date_gmt":"2024-07-09T21:24:06","guid":{"rendered":"https:\/\/eterle.cz\/eshop\/produkt\/vitrina-ii\/"},"modified":"2025-06-24T01:55:37","modified_gmt":"2025-06-23T23:55:37","slug":"vitrina-ii","status":"publish","type":"product","link":"https:\/\/eterle.cz\/eshop\/produkt\/vitrina-ii\/","title":{"rendered":"Vitr\u00edna II"},"content":{"rendered":"<p>Minimalistick\u00e1, nicm\u00e9n\u011b tvarov\u011b zaj\u00edmav\u00e1 vitr\u00edna z obdob\u00ed 2. poloviny 20. stolet\u00ed vyrobena pro UP z\u00e1vody. D\u00edky prosklen\u00e9 \u010d\u00e1sti a zav\u011b\u0161en\u00e9 polici p\u016fsob\u00ed velmi vzdu\u0161n\u011b a modern\u011b.<\/p>\n<p>Stav: velmi dobr\u00fd p\u016fvodn\u00ed, kl\u00ed\u010d chyb\u00ed<br \/>\nRozm\u011br<br \/>\nV\u00fd\u0161ka: 167 cm<br \/>\nHloubka: 48 cm<br \/>\n\u0160\u00ed\u0159ka 96 cm<\/p>\n","protected":false},"excerpt":{"rendered":"<p>Minimalistick\u00e1, nicm\u00e9n\u011b tvarov\u011b zaj\u00edmav\u00e1 vitr\u00edna z obdob\u00ed 2. poloviny 20. stolet\u00ed vyrobena pro UP z\u00e1vody. D\u00edky prosklen\u00e9 \u010d\u00e1sti a zav\u011b\u0161en\u00e9<\/p>\n","protected":false},"featured_media":20043,"template":"","meta":[],"product_brand":[153],"product_cat":[130,125],"product_tag":[],"class_list":{"0":"post-20042","1":"product","2":"type-product","3":"status-publish","4":"has-post-thumbnail","6":"product_brand-eterle-cz","7":"product_cat-nabytek","8":"product_cat-komody-a-skrine","9":"product_shipping_class-nadrozmerne","11":"first","12":"instock","13":"purchasable","14":"product-type-simple"},"_links":{"self":[{"href":"https:\/\/eterle.cz\/eshop\/wp-json\/wp\/v2\/product\/20042","targetHints":{"allow":["GET"]}}],"collection":[{"href":"https:\/\/eterle.cz\/eshop\/wp-json\/wp\/v2\/product"}],"about":[{"href":"https:\/\/eterle.cz\/eshop\/wp-json\/wp\/v2\/types\/product"}],"version-history":[{"count":1,"href":"https:\/\/eterle.cz\/eshop\/wp-json\/wp\/v2\/product\/20042\/revisions"}],"predecessor-version":[{"id":26516,"href":"https:\/\/eterle.cz\/eshop\/wp-json\/wp\/v2\/product\/20042\/revisions\/26516"}],"wp:featuredmedia":[{"embeddable":true,"href":"https:\/\/eterle.cz\/eshop\/wp-json\/wp\/v2\/media\/20043"}],"wp:attachment":[{"href":"https:\/\/eterle.cz\/eshop\/wp-json\/wp\/v2\/media?parent=20042"}],"wp:term":[{"taxonomy":"product_brand","embeddable":true,"href":"https:\/\/eterle.cz\/eshop\/wp-json\/wp\/v2\/product_brand?post=20042"},{"taxonomy":"product_cat","embeddable":true,"href":"https:\/\/eterle.cz\/eshop\/wp-json\/wp\/v2\/product_cat?post=20042"},{"taxonomy":"product_tag","embeddable":true,"href":"https:\/\/eterle.cz\/eshop\/wp-json\/wp\/v2\/product_tag?post=20042"}],"curies":[{"name":"wp","href":"https:\/\/api.w.org\/{rel}","templated":true}]}}