{"id":20071,"date":"2024-07-09T23:24:53","date_gmt":"2024-07-09T21:24:53","guid":{"rendered":"https:\/\/eterle.cz\/eshop\/produkt\/loznice-pozar\/"},"modified":"2025-12-15T15:46:21","modified_gmt":"2025-12-15T14:46:21","slug":"loznice-pozar","status":"publish","type":"product","link":"https:\/\/eterle.cz\/eshop\/produkt\/loznice-pozar\/","title":{"rendered":"Lo\u017enice \/ Po\u017e\u00e1r"},"content":{"rendered":"<p>Lo\u017enicov\u00fd set pro jednu osobu, kter\u00fd navrhl v 60. letech minul\u00e9ho stolet\u00ed design\u00e9r Mojm\u00edr Po\u017e\u00e1r pro UP Z\u00e1vody Bu\u010dovice. Set se skl\u00e1d\u00e1 z jednol\u016f\u017eka, no\u010dn\u00edho a toaletn\u00edho stolku, kter\u00fd je velmi zaj\u00edmav\u011b \u0159e\u0161en. K dispozici m\u00e1me je\u0161t\u011b velkou \u0161atn\u00ed sk\u0159\u00ed\u0148 ve stejn\u00e9m barevn\u00e9m proveden\u00ed a men\u0161\u00ed sk\u0159\u00ed\u0148 v hn\u011bd\u00e9 barv\u011b.<\/p>\n<p>Stav: p\u016fvodn\u00ed s patinou, na horn\u00ed desce sk\u0159\u00ed\u0148ky m\u00edsty chyb\u00ed lak. Na posteli na boku chyb\u00ed kousek d\u00fdhy.<br \/>\nZna\u010dka: Mojm\u00edr Po\u017e\u00e1r<br \/>\nRozm\u011br<br \/>\nPostel:<br \/>\nd\u00e9lka 200 cm, \u0161\u00ed\u0159ka 100 cm, v\u00fd\u0161ka 78 cm,<br \/>\nmatrace 195 x 90 cm<br \/>\nNo\u010dn\u00ed stolek:<br \/>\nv\u00fd\u0161ka 78 cm, hloubka 37 cm, \u0161\u00ed\u0159ka 45 cm<br \/>\nToaletn\u00ed stolek:<br \/>\nv\u00fd\u0161ka 78 cm, hloubka 37 cm, \u0161\u00ed\u0159ka 90 cm<\/p>\n","protected":false},"excerpt":{"rendered":"<p>Lo\u017enicov\u00fd set pro jednu osobu, kter\u00fd navrhl v 60. letech minul\u00e9ho stolet\u00ed design\u00e9r Mojm\u00edr Po\u017e\u00e1r pro UP Z\u00e1vody Bu\u010dovice. Set<\/p>\n","protected":false},"featured_media":20072,"template":"","meta":[],"product_brand":[153],"product_cat":[91],"product_tag":[],"class_list":{"0":"post-20071","1":"product","2":"type-product","3":"status-publish","4":"has-post-thumbnail","6":"product_brand-eterle-cz","7":"product_cat-prodane","8":"product_shipping_class-nadrozmerne","10":"first","11":"outofstock","12":"purchasable","13":"product-type-simple"},"_links":{"self":[{"href":"https:\/\/eterle.cz\/eshop\/wp-json\/wp\/v2\/product\/20071","targetHints":{"allow":["GET"]}}],"collection":[{"href":"https:\/\/eterle.cz\/eshop\/wp-json\/wp\/v2\/product"}],"about":[{"href":"https:\/\/eterle.cz\/eshop\/wp-json\/wp\/v2\/types\/product"}],"version-history":[{"count":2,"href":"https:\/\/eterle.cz\/eshop\/wp-json\/wp\/v2\/product\/20071\/revisions"}],"predecessor-version":[{"id":26515,"href":"https:\/\/eterle.cz\/eshop\/wp-json\/wp\/v2\/product\/20071\/revisions\/26515"}],"wp:featuredmedia":[{"embeddable":true,"href":"https:\/\/eterle.cz\/eshop\/wp-json\/wp\/v2\/media\/20072"}],"wp:attachment":[{"href":"https:\/\/eterle.cz\/eshop\/wp-json\/wp\/v2\/media?parent=20071"}],"wp:term":[{"taxonomy":"product_brand","embeddable":true,"href":"https:\/\/eterle.cz\/eshop\/wp-json\/wp\/v2\/product_brand?post=20071"},{"taxonomy":"product_cat","embeddable":true,"href":"https:\/\/eterle.cz\/eshop\/wp-json\/wp\/v2\/product_cat?post=20071"},{"taxonomy":"product_tag","embeddable":true,"href":"https:\/\/eterle.cz\/eshop\/wp-json\/wp\/v2\/product_tag?post=20071"}],"curies":[{"name":"wp","href":"https:\/\/api.w.org\/{rel}","templated":true}]}}