{"id":20089,"date":"2024-07-09T23:25:24","date_gmt":"2024-07-09T21:25:24","guid":{"rendered":"https:\/\/eterle.cz\/eshop\/produkt\/satni-skrin-k-loznici-pozar\/"},"modified":"2025-02-16T02:46:16","modified_gmt":"2025-02-16T01:46:16","slug":"satni-skrin-k-loznici-pozar","status":"publish","type":"product","link":"https:\/\/eterle.cz\/eshop\/produkt\/satni-skrin-k-loznici-pozar\/","title":{"rendered":"\u0160atn\u00ed sk\u0159\u00ed\u0148 k lo\u017enici \/ Po\u017e\u00e1r"},"content":{"rendered":"<p>\u0160atn\u00ed sk\u0159\u00ed\u0148 rozd\u011blena na ram\u00ednkvou a policovou \u010d\u00e1st dopln\u011bnou \u0161upl\u00edky, kterou navrhl v 60. letech minul\u00e9ho stolet\u00ed design\u00e9r Mojm\u00edr Po\u017e\u00e1r pro UP Z\u00e1vody Bu\u010dovice. K dispozici je i lo\u017enicov\u00fd set pro jednu osobu a men\u0161\u00ed \u0161atn\u00ed sk\u0159\u00ed\u0148 na ram\u00ednka.<\/p>\n<p>Stav: p\u016fvodn\u00ed zachoval\u00fd, drobn\u00e9 \u0161kr\u00e1bance, chyb\u00ed kl\u00ed\u010dky od barevn\u00fdch dv\u00ed\u0159ek<br \/>\nZna\u010dka: Mojm\u00edr Po\u017e\u00e1r<br \/>\nRozm\u011br<br \/>\nV\u00fd\u0161ka: 169 cm<br \/>\nHloubka: 60 cm<br \/>\n\u0160\u00ed\u0159ka: 150 cm<\/p>\n","protected":false},"excerpt":{"rendered":"<p>\u0160atn\u00ed sk\u0159\u00ed\u0148 rozd\u011blena na ram\u00ednkvou a policovou \u010d\u00e1st dopln\u011bnou \u0161upl\u00edky, kterou navrhl v 60. letech minul\u00e9ho stolet\u00ed design\u00e9r Mojm\u00edr Po\u017e\u00e1r<\/p>\n","protected":false},"featured_media":20090,"template":"","meta":[],"product_brand":[153],"product_cat":[91],"product_tag":[],"class_list":{"0":"post-20089","1":"product","2":"type-product","3":"status-publish","4":"has-post-thumbnail","6":"product_brand-eterle-cz","7":"product_cat-prodane","8":"product_shipping_class-nadrozmerne","10":"first","11":"outofstock","12":"purchasable","13":"product-type-simple"},"_links":{"self":[{"href":"https:\/\/eterle.cz\/eshop\/wp-json\/wp\/v2\/product\/20089","targetHints":{"allow":["GET"]}}],"collection":[{"href":"https:\/\/eterle.cz\/eshop\/wp-json\/wp\/v2\/product"}],"about":[{"href":"https:\/\/eterle.cz\/eshop\/wp-json\/wp\/v2\/types\/product"}],"version-history":[{"count":0,"href":"https:\/\/eterle.cz\/eshop\/wp-json\/wp\/v2\/product\/20089\/revisions"}],"wp:featuredmedia":[{"embeddable":true,"href":"https:\/\/eterle.cz\/eshop\/wp-json\/wp\/v2\/media\/20090"}],"wp:attachment":[{"href":"https:\/\/eterle.cz\/eshop\/wp-json\/wp\/v2\/media?parent=20089"}],"wp:term":[{"taxonomy":"product_brand","embeddable":true,"href":"https:\/\/eterle.cz\/eshop\/wp-json\/wp\/v2\/product_brand?post=20089"},{"taxonomy":"product_cat","embeddable":true,"href":"https:\/\/eterle.cz\/eshop\/wp-json\/wp\/v2\/product_cat?post=20089"},{"taxonomy":"product_tag","embeddable":true,"href":"https:\/\/eterle.cz\/eshop\/wp-json\/wp\/v2\/product_tag?post=20089"}],"curies":[{"name":"wp","href":"https:\/\/api.w.org\/{rel}","templated":true}]}}