{"id":20103,"date":"2024-07-09T23:25:46","date_gmt":"2024-07-09T21:25:46","guid":{"rendered":"https:\/\/eterle.cz\/eshop\/produkt\/satni-skrin-k-loznici-pozar-2\/"},"modified":"2025-02-16T02:46:15","modified_gmt":"2025-02-16T01:46:15","slug":"satni-skrin-k-loznici-pozar-2","status":"publish","type":"product","link":"https:\/\/eterle.cz\/eshop\/produkt\/satni-skrin-k-loznici-pozar-2\/","title":{"rendered":"\u0160atn\u00ed sk\u0159\u00ed\u0148 k lo\u017enici \/ Po\u017e\u00e1r"},"content":{"rendered":"<p>\u0160atn\u00ed sk\u0159\u00ed\u0148 na ram\u00ednka uvnit\u0159 se zrcadlem, kterou navrhl v 60. letech minul\u00e9ho stolet\u00ed design\u00e9r Mojm\u00edr Po\u017e\u00e1r pro UP Z\u00e1vody Bu\u010dovice. K dispozici je i lo\u017enicov\u00fd set pro jednu osobu a velk\u00e1 \u0161atn\u00ed sk\u0159\u00ed\u0148.<\/p>\n<p>Stav: dobr\u00fd p\u016fvodn\u00ed<br \/>\nZna\u010dka: Mojm\u00edr Po\u017e\u00e1r<br \/>\nRozm\u011br<br \/>\nV\u00fd\u0161ka: 169 cm<br \/>\nHloubka: 60 cm<br \/>\n\u0160\u00ed\u0159ka: 100,5 cm<\/p>\n","protected":false},"excerpt":{"rendered":"<p>\u0160atn\u00ed sk\u0159\u00ed\u0148 na ram\u00ednka uvnit\u0159 se zrcadlem, kterou navrhl v 60. letech minul\u00e9ho stolet\u00ed design\u00e9r Mojm\u00edr Po\u017e\u00e1r pro UP Z\u00e1vody<\/p>\n","protected":false},"featured_media":20104,"template":"","meta":[],"product_brand":[153],"product_cat":[91],"product_tag":[],"class_list":{"0":"post-20103","1":"product","2":"type-product","3":"status-publish","4":"has-post-thumbnail","6":"product_brand-eterle-cz","7":"product_cat-prodane","8":"product_shipping_class-nadrozmerne","10":"first","11":"outofstock","12":"purchasable","13":"product-type-simple"},"_links":{"self":[{"href":"https:\/\/eterle.cz\/eshop\/wp-json\/wp\/v2\/product\/20103","targetHints":{"allow":["GET"]}}],"collection":[{"href":"https:\/\/eterle.cz\/eshop\/wp-json\/wp\/v2\/product"}],"about":[{"href":"https:\/\/eterle.cz\/eshop\/wp-json\/wp\/v2\/types\/product"}],"version-history":[{"count":0,"href":"https:\/\/eterle.cz\/eshop\/wp-json\/wp\/v2\/product\/20103\/revisions"}],"wp:featuredmedia":[{"embeddable":true,"href":"https:\/\/eterle.cz\/eshop\/wp-json\/wp\/v2\/media\/20104"}],"wp:attachment":[{"href":"https:\/\/eterle.cz\/eshop\/wp-json\/wp\/v2\/media?parent=20103"}],"wp:term":[{"taxonomy":"product_brand","embeddable":true,"href":"https:\/\/eterle.cz\/eshop\/wp-json\/wp\/v2\/product_brand?post=20103"},{"taxonomy":"product_cat","embeddable":true,"href":"https:\/\/eterle.cz\/eshop\/wp-json\/wp\/v2\/product_cat?post=20103"},{"taxonomy":"product_tag","embeddable":true,"href":"https:\/\/eterle.cz\/eshop\/wp-json\/wp\/v2\/product_tag?post=20103"}],"curies":[{"name":"wp","href":"https:\/\/api.w.org\/{rel}","templated":true}]}}