{"id":20116,"date":"2024-07-09T23:26:07","date_gmt":"2024-07-09T21:26:07","guid":{"rendered":"https:\/\/eterle.cz\/eshop\/produkt\/space-age-kresilko\/"},"modified":"2025-06-24T01:55:37","modified_gmt":"2025-06-23T23:55:37","slug":"space-age-kresilko","status":"publish","type":"product","link":"https:\/\/eterle.cz\/eshop\/produkt\/space-age-kresilko\/","title":{"rendered":"Space age k\u0159es\u00edlko"},"content":{"rendered":"<p>K\u0159es\u00edlko z 60. let minul\u00e9ho stolet\u00ed z obdob\u00ed tzv. Space Age neboli kosmick\u00e9ho v\u011bku, kter\u00fd je fascinov\u00e1n dob\u00fdv\u00e1n\u00edm kosmu a nov\u00fdmi technick\u00fdmi mo\u017enostmi. V designu p\u0159evl\u00e1daj\u00ed geometrick\u00e9 tvary, v\u00fdrazn\u00e9 barvy a materi\u00e1lem \u010d\u00edslo jedna se stal plast, kter\u00fd vytla\u010dil ostatn\u00ed tradi\u010dn\u00ed materi\u00e1ly. P\u0159esn\u011b takov\u00e1 jsou tato palstov\u00e1 oto\u010dn\u00e1 k\u0159es\u00edlka s v\u00fdrazn\u00fdm oran\u017eov\u00fdm \u010daloun\u011bn\u00edm. K dispozici m\u00e1me do setu tak\u00e9 taburet, kter\u00fd je mo\u017eno vyu\u017e\u00edt i jako konferen\u010dn\u00ed stolek.<\/p>\n<p>Stav: p\u016fvodn\u00ed zachoval\u00fd, drobn\u00e9 od\u0159eniny barvy plastu<br \/>\nRozm\u011br<br \/>\nV\u00fd\u0161ka: 80 cm<br \/>\nHloubka: 71 cm<br \/>\n\u0160\u00ed\u0159ka: 62 cm<\/p>\n","protected":false},"excerpt":{"rendered":"<p>K\u0159es\u00edlko z 60. let minul\u00e9ho stolet\u00ed z obdob\u00ed tzv. Space Age neboli kosmick\u00e9ho v\u011bku, kter\u00fd je fascinov\u00e1n dob\u00fdv\u00e1n\u00edm kosmu a<\/p>\n","protected":false},"featured_media":20117,"template":"","meta":[],"product_brand":[153],"product_cat":[130,122],"product_tag":[],"class_list":{"0":"post-20116","1":"product","2":"type-product","3":"status-publish","4":"has-post-thumbnail","6":"product_brand-eterle-cz","7":"product_cat-nabytek","8":"product_cat-kresla-a-taburety","9":"product_shipping_class-nadrozmerne","11":"first","12":"instock","13":"purchasable","14":"product-type-simple"},"_links":{"self":[{"href":"https:\/\/eterle.cz\/eshop\/wp-json\/wp\/v2\/product\/20116","targetHints":{"allow":["GET"]}}],"collection":[{"href":"https:\/\/eterle.cz\/eshop\/wp-json\/wp\/v2\/product"}],"about":[{"href":"https:\/\/eterle.cz\/eshop\/wp-json\/wp\/v2\/types\/product"}],"version-history":[{"count":1,"href":"https:\/\/eterle.cz\/eshop\/wp-json\/wp\/v2\/product\/20116\/revisions"}],"predecessor-version":[{"id":26514,"href":"https:\/\/eterle.cz\/eshop\/wp-json\/wp\/v2\/product\/20116\/revisions\/26514"}],"wp:featuredmedia":[{"embeddable":true,"href":"https:\/\/eterle.cz\/eshop\/wp-json\/wp\/v2\/media\/20117"}],"wp:attachment":[{"href":"https:\/\/eterle.cz\/eshop\/wp-json\/wp\/v2\/media?parent=20116"}],"wp:term":[{"taxonomy":"product_brand","embeddable":true,"href":"https:\/\/eterle.cz\/eshop\/wp-json\/wp\/v2\/product_brand?post=20116"},{"taxonomy":"product_cat","embeddable":true,"href":"https:\/\/eterle.cz\/eshop\/wp-json\/wp\/v2\/product_cat?post=20116"},{"taxonomy":"product_tag","embeddable":true,"href":"https:\/\/eterle.cz\/eshop\/wp-json\/wp\/v2\/product_tag?post=20116"}],"curies":[{"name":"wp","href":"https:\/\/api.w.org\/{rel}","templated":true}]}}