{"id":20124,"date":"2024-07-09T23:26:22","date_gmt":"2024-07-09T21:26:22","guid":{"rendered":"https:\/\/eterle.cz\/eshop\/produkt\/space-age-taburet\/"},"modified":"2026-02-02T15:45:00","modified_gmt":"2026-02-02T14:45:00","slug":"space-age-taburet","status":"publish","type":"product","link":"https:\/\/eterle.cz\/eshop\/produkt\/space-age-taburet\/","title":{"rendered":"Space age taburet"},"content":{"rendered":"<p>Taburet s \u00falo\u017en\u00fdm prostorem z 60. let minul\u00e9ho stolet\u00ed z obdob\u00ed tzv. Space Age neboli kosmick\u00e9ho v\u011bku, kter\u00fd je fascinov\u00e1n dob\u00fdv\u00e1n\u00edm kosmu a nov\u00fdmi technick\u00fdmi mo\u017enostmi. V designu p\u0159evl\u00e1daj\u00ed geometrick\u00e9 tvary, v\u00fdrazn\u00e9 barvy a materi\u00e1lem \u010d\u00edslo jedna se stal plast, kter\u00fd vytla\u010dil ostatn\u00ed tradi\u010dn\u00ed materi\u00e1ly. P\u0159esn\u011b takov\u00fd je i tento plastov\u00fd taburet s v\u00fdrazn\u00fdm oran\u017eov\u00fdm \u010daloun\u011bn\u00edm. K dispozici m\u00e1me do setu tak\u00e9 k\u0159es\u00edlka.<\/p>\n<p>Stav: dobr\u00fd p\u016fvodn\u00ed stav<br \/>\nRozm\u011br<br \/>\nV\u00fd\u0161ka: 40 cm<br \/>\nPr\u016fm\u011br: 67 cm<\/p>\n","protected":false},"excerpt":{"rendered":"<p>Taburet s \u00falo\u017en\u00fdm prostorem z 60. let minul\u00e9ho stolet\u00ed z obdob\u00ed tzv. Space Age neboli kosmick\u00e9ho v\u011bku, kter\u00fd je fascinov\u00e1n<\/p>\n","protected":false},"featured_media":20125,"template":"","meta":[],"product_brand":[153],"product_cat":[91],"product_tag":[],"class_list":{"0":"post-20124","1":"product","2":"type-product","3":"status-publish","4":"has-post-thumbnail","6":"product_brand-eterle-cz","7":"product_cat-prodane","8":"product_shipping_class-nadrozmerne","10":"first","11":"outofstock","12":"purchasable","13":"product-type-simple"},"_links":{"self":[{"href":"https:\/\/eterle.cz\/eshop\/wp-json\/wp\/v2\/product\/20124","targetHints":{"allow":["GET"]}}],"collection":[{"href":"https:\/\/eterle.cz\/eshop\/wp-json\/wp\/v2\/product"}],"about":[{"href":"https:\/\/eterle.cz\/eshop\/wp-json\/wp\/v2\/types\/product"}],"version-history":[{"count":3,"href":"https:\/\/eterle.cz\/eshop\/wp-json\/wp\/v2\/product\/20124\/revisions"}],"predecessor-version":[{"id":33902,"href":"https:\/\/eterle.cz\/eshop\/wp-json\/wp\/v2\/product\/20124\/revisions\/33902"}],"wp:featuredmedia":[{"embeddable":true,"href":"https:\/\/eterle.cz\/eshop\/wp-json\/wp\/v2\/media\/20125"}],"wp:attachment":[{"href":"https:\/\/eterle.cz\/eshop\/wp-json\/wp\/v2\/media?parent=20124"}],"wp:term":[{"taxonomy":"product_brand","embeddable":true,"href":"https:\/\/eterle.cz\/eshop\/wp-json\/wp\/v2\/product_brand?post=20124"},{"taxonomy":"product_cat","embeddable":true,"href":"https:\/\/eterle.cz\/eshop\/wp-json\/wp\/v2\/product_cat?post=20124"},{"taxonomy":"product_tag","embeddable":true,"href":"https:\/\/eterle.cz\/eshop\/wp-json\/wp\/v2\/product_tag?post=20124"}],"curies":[{"name":"wp","href":"https:\/\/api.w.org\/{rel}","templated":true}]}}