{"id":20131,"date":"2024-07-09T23:26:34","date_gmt":"2024-07-09T21:26:34","guid":{"rendered":"https:\/\/eterle.cz\/eshop\/produkt\/kreslo-volak\/"},"modified":"2025-02-16T02:46:14","modified_gmt":"2025-02-16T01:46:14","slug":"kreslo-volak","status":"publish","type":"product","link":"https:\/\/eterle.cz\/eshop\/produkt\/kreslo-volak\/","title":{"rendered":"K\u0159eslo \/ Vol\u00e1k"},"content":{"rendered":"<p>K\u0159eslo ze 70. let minul\u00e9ho stolet\u00ed od design\u00e9ra Ludv\u00edka Vol\u00e1ka pro D\u0159evopodnik Hole\u0161ov. K\u0159eslo m\u00e1 zaj\u00edmav\u011b tvarovan\u00e9 nohy v kombinaci s v\u00ednovou ko\u017eenkou.<\/p>\n<p>Stav: velmi dobr\u00fd p\u016fvodn\u00ed<br \/>\nZna\u010dka: Ludv\u00edk Vol\u00e1k, D\u0159evopodnik Hole\u0161ov<br \/>\nRozm\u011br<br \/>\nV\u00fd\u0161ka: 80 cm<br \/>\nHloubka: 66 cm<br \/>\n\u0160\u00ed\u0159ka: 53 cm<\/p>\n","protected":false},"excerpt":{"rendered":"<p>K\u0159eslo ze 70. let minul\u00e9ho stolet\u00ed od design\u00e9ra Ludv\u00edka Vol\u00e1ka pro D\u0159evopodnik Hole\u0161ov. K\u0159eslo m\u00e1 zaj\u00edmav\u011b tvarovan\u00e9 nohy v kombinaci<\/p>\n","protected":false},"featured_media":20132,"template":"","meta":[],"product_brand":[153],"product_cat":[91],"product_tag":[],"class_list":{"0":"post-20131","1":"product","2":"type-product","3":"status-publish","4":"has-post-thumbnail","6":"product_brand-eterle-cz","7":"product_cat-prodane","8":"product_shipping_class-nadrozmerne","10":"first","11":"outofstock","12":"purchasable","13":"product-type-simple"},"_links":{"self":[{"href":"https:\/\/eterle.cz\/eshop\/wp-json\/wp\/v2\/product\/20131","targetHints":{"allow":["GET"]}}],"collection":[{"href":"https:\/\/eterle.cz\/eshop\/wp-json\/wp\/v2\/product"}],"about":[{"href":"https:\/\/eterle.cz\/eshop\/wp-json\/wp\/v2\/types\/product"}],"version-history":[{"count":0,"href":"https:\/\/eterle.cz\/eshop\/wp-json\/wp\/v2\/product\/20131\/revisions"}],"wp:featuredmedia":[{"embeddable":true,"href":"https:\/\/eterle.cz\/eshop\/wp-json\/wp\/v2\/media\/20132"}],"wp:attachment":[{"href":"https:\/\/eterle.cz\/eshop\/wp-json\/wp\/v2\/media?parent=20131"}],"wp:term":[{"taxonomy":"product_brand","embeddable":true,"href":"https:\/\/eterle.cz\/eshop\/wp-json\/wp\/v2\/product_brand?post=20131"},{"taxonomy":"product_cat","embeddable":true,"href":"https:\/\/eterle.cz\/eshop\/wp-json\/wp\/v2\/product_cat?post=20131"},{"taxonomy":"product_tag","embeddable":true,"href":"https:\/\/eterle.cz\/eshop\/wp-json\/wp\/v2\/product_tag?post=20131"}],"curies":[{"name":"wp","href":"https:\/\/api.w.org\/{rel}","templated":true}]}}