{"id":20138,"date":"2024-07-09T23:26:46","date_gmt":"2024-07-09T21:26:46","guid":{"rendered":"https:\/\/eterle.cz\/eshop\/produkt\/kresilko-freton\/"},"modified":"2025-02-16T02:46:14","modified_gmt":"2025-02-16T01:46:14","slug":"kresilko-freton","status":"publish","type":"product","link":"https:\/\/eterle.cz\/eshop\/produkt\/kresilko-freton\/","title":{"rendered":"K\u0159es\u00edlko \/ Freton"},"content":{"rendered":"<p>K\u0159es\u00edlko z 90. let 20. stolet\u00ed vyrobena firmou Freton (pobo\u010dka z\u00e1vodu Ton Bp). Bukov\u00e1 konstrukce v kombinaci s \u010daloun\u011bn\u00fdm sed\u00e1kem.<\/p>\n<p>Stav: velmi dobr\u00fd bez z\u00e1vad<br \/>\nRozm\u011br<br \/>\nV\u00fd\u0161ka: 70 cm<br \/>\nHloubka: 52 cm<br \/>\n\u0160\u00ed\u0159ka: 54 cm<\/p>\n","protected":false},"excerpt":{"rendered":"<p>K\u0159es\u00edlko z 90. let 20. stolet\u00ed vyrobena firmou Freton (pobo\u010dka z\u00e1vodu Ton Bp). Bukov\u00e1 konstrukce v kombinaci s \u010daloun\u011bn\u00fdm sed\u00e1kem.<\/p>\n","protected":false},"featured_media":20139,"template":"","meta":[],"product_brand":[153],"product_cat":[91],"product_tag":[],"class_list":{"0":"post-20138","1":"product","2":"type-product","3":"status-publish","4":"has-post-thumbnail","6":"product_brand-eterle-cz","7":"product_cat-prodane","8":"product_shipping_class-nadrozmerne","10":"first","11":"outofstock","12":"purchasable","13":"product-type-simple"},"_links":{"self":[{"href":"https:\/\/eterle.cz\/eshop\/wp-json\/wp\/v2\/product\/20138","targetHints":{"allow":["GET"]}}],"collection":[{"href":"https:\/\/eterle.cz\/eshop\/wp-json\/wp\/v2\/product"}],"about":[{"href":"https:\/\/eterle.cz\/eshop\/wp-json\/wp\/v2\/types\/product"}],"version-history":[{"count":0,"href":"https:\/\/eterle.cz\/eshop\/wp-json\/wp\/v2\/product\/20138\/revisions"}],"wp:featuredmedia":[{"embeddable":true,"href":"https:\/\/eterle.cz\/eshop\/wp-json\/wp\/v2\/media\/20139"}],"wp:attachment":[{"href":"https:\/\/eterle.cz\/eshop\/wp-json\/wp\/v2\/media?parent=20138"}],"wp:term":[{"taxonomy":"product_brand","embeddable":true,"href":"https:\/\/eterle.cz\/eshop\/wp-json\/wp\/v2\/product_brand?post=20138"},{"taxonomy":"product_cat","embeddable":true,"href":"https:\/\/eterle.cz\/eshop\/wp-json\/wp\/v2\/product_cat?post=20138"},{"taxonomy":"product_tag","embeddable":true,"href":"https:\/\/eterle.cz\/eshop\/wp-json\/wp\/v2\/product_tag?post=20138"}],"curies":[{"name":"wp","href":"https:\/\/api.w.org\/{rel}","templated":true}]}}