{"id":20157,"date":"2024-07-09T23:27:18","date_gmt":"2024-07-09T21:27:18","guid":{"rendered":"https:\/\/eterle.cz\/eshop\/produkt\/lust-opalove-sklo-2\/"},"modified":"2025-02-16T02:46:13","modified_gmt":"2025-02-16T01:46:13","slug":"lust-opalove-sklo-2","status":"publish","type":"product","link":"https:\/\/eterle.cz\/eshop\/produkt\/lust-opalove-sklo-2\/","title":{"rendered":"Lust op\u00e1lov\u00e9 sklo"},"content":{"rendered":"<p>St\u00ednidlo z op\u00e1lov\u00e9ho skla v jednoduch\u00e9m tvaru. Lustr se sv\u00fdm vzhledem a velikost\u00ed hod\u00ed zejm\u00e9na do chodby nebo nad j\u00eddeln\u00ed st\u016fl.<\/p>\n<p>Stav: dobr\u00fd, nov\u00e1 elektorinstaleace<br \/>\nRozm\u011br<br \/>\nV\u00fd\u0161ka: 51 cm<br \/>\nD\u00e9lka ty\u010de: 26 cm<br \/>\nPr\u016fm\u011br: 36 cm<\/p>\n","protected":false},"excerpt":{"rendered":"<p>St\u00ednidlo z op\u00e1lov\u00e9ho skla v jednoduch\u00e9m tvaru. Lustr se sv\u00fdm vzhledem a velikost\u00ed hod\u00ed zejm\u00e9na do chodby nebo nad j\u00eddeln\u00ed<\/p>\n","protected":false},"featured_media":20650,"template":"","meta":[],"product_brand":[153],"product_cat":[91],"product_tag":[],"class_list":{"0":"post-20157","1":"product","2":"type-product","3":"status-publish","4":"has-post-thumbnail","6":"product_brand-eterle-cz","7":"product_cat-prodane","8":"product_shipping_class-nadrozmerne","10":"first","11":"outofstock","12":"purchasable","13":"product-type-simple"},"_links":{"self":[{"href":"https:\/\/eterle.cz\/eshop\/wp-json\/wp\/v2\/product\/20157","targetHints":{"allow":["GET"]}}],"collection":[{"href":"https:\/\/eterle.cz\/eshop\/wp-json\/wp\/v2\/product"}],"about":[{"href":"https:\/\/eterle.cz\/eshop\/wp-json\/wp\/v2\/types\/product"}],"version-history":[{"count":0,"href":"https:\/\/eterle.cz\/eshop\/wp-json\/wp\/v2\/product\/20157\/revisions"}],"wp:featuredmedia":[{"embeddable":true,"href":"https:\/\/eterle.cz\/eshop\/wp-json\/wp\/v2\/media\/20650"}],"wp:attachment":[{"href":"https:\/\/eterle.cz\/eshop\/wp-json\/wp\/v2\/media?parent=20157"}],"wp:term":[{"taxonomy":"product_brand","embeddable":true,"href":"https:\/\/eterle.cz\/eshop\/wp-json\/wp\/v2\/product_brand?post=20157"},{"taxonomy":"product_cat","embeddable":true,"href":"https:\/\/eterle.cz\/eshop\/wp-json\/wp\/v2\/product_cat?post=20157"},{"taxonomy":"product_tag","embeddable":true,"href":"https:\/\/eterle.cz\/eshop\/wp-json\/wp\/v2\/product_tag?post=20157"}],"curies":[{"name":"wp","href":"https:\/\/api.w.org\/{rel}","templated":true}]}}