{"id":20158,"date":"2024-07-09T23:27:23","date_gmt":"2024-07-09T21:27:23","guid":{"rendered":"https:\/\/eterle.cz\/eshop\/produkt\/art-deco-lustr\/"},"modified":"2025-02-16T02:46:13","modified_gmt":"2025-02-16T01:46:13","slug":"art-deco-lustr","status":"publish","type":"product","link":"https:\/\/eterle.cz\/eshop\/produkt\/art-deco-lustr\/","title":{"rendered":"Art deco lustr"},"content":{"rendered":"<p>Kr\u00e1sn\u00fd t\u0159\u00edramenn\u00fd lustr z obdob\u00ed Art deca, kter\u00fd se hod\u00ed zejm\u00e9na do ob\u00fdvac\u00edho pokoje.<\/p>\n<p>Stav: velmi dobr\u00fd, el. p\u016fvodn\u00ed, funk\u010dn\u00ed<br \/>\nRozm\u011br<br \/>\nV\u00fd\u0161ka: 95 cm<br \/>\nV\u00fd\u0161ka ty\u010de: 60 cm<br \/>\nPr\u016fm\u011br: 67 cm<\/p>\n","protected":false},"excerpt":{"rendered":"<p>Kr\u00e1sn\u00fd t\u0159\u00edramenn\u00fd lustr z obdob\u00ed Art deca, kter\u00fd se hod\u00ed zejm\u00e9na do ob\u00fdvac\u00edho pokoje. Stav: velmi dobr\u00fd, el. p\u016fvodn\u00ed, funk\u010dn\u00ed<\/p>\n","protected":false},"featured_media":20656,"template":"","meta":[],"product_brand":[153],"product_cat":[91],"product_tag":[],"class_list":{"0":"post-20158","1":"product","2":"type-product","3":"status-publish","4":"has-post-thumbnail","6":"product_brand-eterle-cz","7":"product_cat-prodane","8":"product_shipping_class-nadrozmerne","10":"first","11":"outofstock","12":"purchasable","13":"product-type-simple"},"_links":{"self":[{"href":"https:\/\/eterle.cz\/eshop\/wp-json\/wp\/v2\/product\/20158","targetHints":{"allow":["GET"]}}],"collection":[{"href":"https:\/\/eterle.cz\/eshop\/wp-json\/wp\/v2\/product"}],"about":[{"href":"https:\/\/eterle.cz\/eshop\/wp-json\/wp\/v2\/types\/product"}],"version-history":[{"count":0,"href":"https:\/\/eterle.cz\/eshop\/wp-json\/wp\/v2\/product\/20158\/revisions"}],"wp:featuredmedia":[{"embeddable":true,"href":"https:\/\/eterle.cz\/eshop\/wp-json\/wp\/v2\/media\/20656"}],"wp:attachment":[{"href":"https:\/\/eterle.cz\/eshop\/wp-json\/wp\/v2\/media?parent=20158"}],"wp:term":[{"taxonomy":"product_brand","embeddable":true,"href":"https:\/\/eterle.cz\/eshop\/wp-json\/wp\/v2\/product_brand?post=20158"},{"taxonomy":"product_cat","embeddable":true,"href":"https:\/\/eterle.cz\/eshop\/wp-json\/wp\/v2\/product_cat?post=20158"},{"taxonomy":"product_tag","embeddable":true,"href":"https:\/\/eterle.cz\/eshop\/wp-json\/wp\/v2\/product_tag?post=20158"}],"curies":[{"name":"wp","href":"https:\/\/api.w.org\/{rel}","templated":true}]}}