{"id":20160,"date":"2024-07-09T23:27:28","date_gmt":"2024-07-09T21:27:28","guid":{"rendered":"https:\/\/eterle.cz\/eshop\/produkt\/skleneny-vanilkovy-lustr\/"},"modified":"2025-06-24T01:55:37","modified_gmt":"2025-06-23T23:55:37","slug":"skleneny-vanilkovy-lustr","status":"publish","type":"product","link":"https:\/\/eterle.cz\/eshop\/produkt\/skleneny-vanilkovy-lustr\/","title":{"rendered":"Sklen\u011bn\u00fd vanilkov\u00fd lustr"},"content":{"rendered":"<p>Kr\u00e1sn\u00fd 5 ramenn\u00fd lustr v neobvykl\u00e9 vanilkov\u00e9 barv\u011b se st\u00ednidly ve tvaru kalichu. Oproti jin\u00fdm lustr\u016fm se st\u00ednidly dan\u00e9ho tvaru m\u00e1 teneto sklen\u011bn\u00e1 ramena (b\u011b\u017en\u011b jsou kovov\u00e1). Lustr p\u016fsob\u00ed d\u00edky sv\u00e9 barv\u011b a tvaru velmi n\u011b\u017en\u011b a elagntn\u011b.<\/p>\n<p>Stav: dobr\u00fd, jen ty\u010d je zkorodovan\u00e1; p\u016fvodn\u00ed elektroinstalace, funk\u010dn\u00ed<br \/>\nRozm\u011br<br \/>\nV\u00fd\u0161ka: 50 cm<br \/>\nV\u00fd\u0161ka ty\u010de: 20 cm<br \/>\nPr\u016fm\u011br: 70 cm<\/p>\n","protected":false},"excerpt":{"rendered":"<p>Kr\u00e1sn\u00fd 5 ramenn\u00fd lustr v neobvykl\u00e9 vanilkov\u00e9 barv\u011b se st\u00ednidly ve tvaru kalichu. Oproti jin\u00fdm lustr\u016fm se st\u00ednidly dan\u00e9ho tvaru<\/p>\n","protected":false},"featured_media":20662,"template":"","meta":[],"product_brand":[153],"product_cat":[79,140],"product_tag":[],"class_list":{"0":"post-20160","1":"product","2":"type-product","3":"status-publish","4":"has-post-thumbnail","6":"product_brand-eterle-cz","7":"product_cat-svetla","8":"product_cat-lustry","9":"product_shipping_class-nadrozmerne","11":"first","12":"instock","13":"purchasable","14":"product-type-simple"},"_links":{"self":[{"href":"https:\/\/eterle.cz\/eshop\/wp-json\/wp\/v2\/product\/20160","targetHints":{"allow":["GET"]}}],"collection":[{"href":"https:\/\/eterle.cz\/eshop\/wp-json\/wp\/v2\/product"}],"about":[{"href":"https:\/\/eterle.cz\/eshop\/wp-json\/wp\/v2\/types\/product"}],"version-history":[{"count":1,"href":"https:\/\/eterle.cz\/eshop\/wp-json\/wp\/v2\/product\/20160\/revisions"}],"predecessor-version":[{"id":26512,"href":"https:\/\/eterle.cz\/eshop\/wp-json\/wp\/v2\/product\/20160\/revisions\/26512"}],"wp:featuredmedia":[{"embeddable":true,"href":"https:\/\/eterle.cz\/eshop\/wp-json\/wp\/v2\/media\/20662"}],"wp:attachment":[{"href":"https:\/\/eterle.cz\/eshop\/wp-json\/wp\/v2\/media?parent=20160"}],"wp:term":[{"taxonomy":"product_brand","embeddable":true,"href":"https:\/\/eterle.cz\/eshop\/wp-json\/wp\/v2\/product_brand?post=20160"},{"taxonomy":"product_cat","embeddable":true,"href":"https:\/\/eterle.cz\/eshop\/wp-json\/wp\/v2\/product_cat?post=20160"},{"taxonomy":"product_tag","embeddable":true,"href":"https:\/\/eterle.cz\/eshop\/wp-json\/wp\/v2\/product_tag?post=20160"}],"curies":[{"name":"wp","href":"https:\/\/api.w.org\/{rel}","templated":true}]}}