{"id":20163,"date":"2024-07-09T23:27:38","date_gmt":"2024-07-09T21:27:38","guid":{"rendered":"https:\/\/eterle.cz\/eshop\/produkt\/stojaci-lampa-halabala\/"},"modified":"2025-06-24T01:55:36","modified_gmt":"2025-06-23T23:55:36","slug":"stojaci-lampa-halabala","status":"publish","type":"product","link":"https:\/\/eterle.cz\/eshop\/produkt\/stojaci-lampa-halabala\/","title":{"rendered":"Stojac\u00ed lampa \/ Halabala"},"content":{"rendered":"<p>Stojac\u00ed lampa se stole\u010dkem od n\u00e1vrh\u00e1\u0159e Jind\u0159icha Halabaly z 30. let minul\u00e9ho stolet\u00ed.<\/p>\n<p>Stav: velmi dobr\u00fd p\u016fvodn\u00ed; el. funk\u010dn\u00ed p\u016fvodn\u00ed<br \/>\nZna\u010dka: Jind\u0159ich Halabala<br \/>\nRozm\u011br<br \/>\nV\u00fd\u0161ka: 180 cm<br \/>\nHloubka: 63 cm<br \/>\n\u0160\u00ed\u0159ka: 35 cm<\/p>\n","protected":false},"excerpt":{"rendered":"<p>Stojac\u00ed lampa se stole\u010dkem od n\u00e1vrh\u00e1\u0159e Jind\u0159icha Halabaly z 30. let minul\u00e9ho stolet\u00ed. Stav: velmi dobr\u00fd p\u016fvodn\u00ed; el. funk\u010dn\u00ed p\u016fvodn\u00ed<\/p>\n","protected":false},"featured_media":20682,"template":"","meta":[],"product_brand":[153],"product_cat":[79,142],"product_tag":[],"class_list":{"0":"post-20163","1":"product","2":"type-product","3":"status-publish","4":"has-post-thumbnail","6":"product_brand-eterle-cz","7":"product_cat-svetla","8":"product_cat-stojaci-lampy","9":"product_shipping_class-nadrozmerne","11":"first","12":"instock","13":"purchasable","14":"product-type-simple"},"_links":{"self":[{"href":"https:\/\/eterle.cz\/eshop\/wp-json\/wp\/v2\/product\/20163","targetHints":{"allow":["GET"]}}],"collection":[{"href":"https:\/\/eterle.cz\/eshop\/wp-json\/wp\/v2\/product"}],"about":[{"href":"https:\/\/eterle.cz\/eshop\/wp-json\/wp\/v2\/types\/product"}],"version-history":[{"count":1,"href":"https:\/\/eterle.cz\/eshop\/wp-json\/wp\/v2\/product\/20163\/revisions"}],"predecessor-version":[{"id":26511,"href":"https:\/\/eterle.cz\/eshop\/wp-json\/wp\/v2\/product\/20163\/revisions\/26511"}],"wp:featuredmedia":[{"embeddable":true,"href":"https:\/\/eterle.cz\/eshop\/wp-json\/wp\/v2\/media\/20682"}],"wp:attachment":[{"href":"https:\/\/eterle.cz\/eshop\/wp-json\/wp\/v2\/media?parent=20163"}],"wp:term":[{"taxonomy":"product_brand","embeddable":true,"href":"https:\/\/eterle.cz\/eshop\/wp-json\/wp\/v2\/product_brand?post=20163"},{"taxonomy":"product_cat","embeddable":true,"href":"https:\/\/eterle.cz\/eshop\/wp-json\/wp\/v2\/product_cat?post=20163"},{"taxonomy":"product_tag","embeddable":true,"href":"https:\/\/eterle.cz\/eshop\/wp-json\/wp\/v2\/product_tag?post=20163"}],"curies":[{"name":"wp","href":"https:\/\/api.w.org\/{rel}","templated":true}]}}