{"id":20166,"date":"2024-07-09T23:27:45","date_gmt":"2024-07-09T21:27:45","guid":{"rendered":"https:\/\/eterle.cz\/eshop\/produkt\/skleneny-lustr-3\/"},"modified":"2025-06-24T01:55:36","modified_gmt":"2025-06-23T23:55:36","slug":"skleneny-lustr-3","status":"publish","type":"product","link":"https:\/\/eterle.cz\/eshop\/produkt\/skleneny-lustr-3\/","title":{"rendered":"Sklen\u011bn\u00fd lustr"},"content":{"rendered":"<p>N\u00e1dhern\u00fd celosklen\u011bn\u00fd \u0161esti ramenn\u00fd lustr. Prost\u0159edn\u00ed \u010d\u00e1st lustr, kterou vede nerezov\u00e1 ty\u010d, je foukan\u00e1. P\u016fsob\u00ed velmi vzdu\u0161n\u011b a elegantn\u011b. Svou pr\u016fhlednost\u00ed je nen\u00e1padn\u00fd av\u0161ak tvarem je zcela ojedin\u011bl\u00fd a jist\u011b v prostorech zaujme. Jeho elegantn\u00ed hladk\u00e9 tvary se budou vyj\u00edmat modern\u00edm i kalsick\u00e9m interi\u00e9ru.<\/p>\n<p>Stav: perfektn\u00ed, nov\u00e1 elektroinstalace<br \/>\nRozm\u011br<br \/>\nV\u00fd\u0161ka: 70 cm<br \/>\nV\u00fd\u0161ka \u0159et\u011bzu: 28 cm<br \/>\nPr\u016fm\u011br: 65 cm<\/p>\n","protected":false},"excerpt":{"rendered":"<p>N\u00e1dhern\u00fd celosklen\u011bn\u00fd \u0161esti ramenn\u00fd lustr. Prost\u0159edn\u00ed \u010d\u00e1st lustr, kterou vede nerezov\u00e1 ty\u010d, je foukan\u00e1. P\u016fsob\u00ed velmi vzdu\u0161n\u011b a elegantn\u011b. Svou<\/p>\n","protected":false},"featured_media":20686,"template":"","meta":[],"product_brand":[153],"product_cat":[79,140],"product_tag":[],"class_list":{"0":"post-20166","1":"product","2":"type-product","3":"status-publish","4":"has-post-thumbnail","6":"product_brand-eterle-cz","7":"product_cat-svetla","8":"product_cat-lustry","9":"product_shipping_class-nadrozmerne","11":"first","12":"instock","13":"purchasable","14":"product-type-simple"},"_links":{"self":[{"href":"https:\/\/eterle.cz\/eshop\/wp-json\/wp\/v2\/product\/20166","targetHints":{"allow":["GET"]}}],"collection":[{"href":"https:\/\/eterle.cz\/eshop\/wp-json\/wp\/v2\/product"}],"about":[{"href":"https:\/\/eterle.cz\/eshop\/wp-json\/wp\/v2\/types\/product"}],"version-history":[{"count":2,"href":"https:\/\/eterle.cz\/eshop\/wp-json\/wp\/v2\/product\/20166\/revisions"}],"predecessor-version":[{"id":26510,"href":"https:\/\/eterle.cz\/eshop\/wp-json\/wp\/v2\/product\/20166\/revisions\/26510"}],"wp:featuredmedia":[{"embeddable":true,"href":"https:\/\/eterle.cz\/eshop\/wp-json\/wp\/v2\/media\/20686"}],"wp:attachment":[{"href":"https:\/\/eterle.cz\/eshop\/wp-json\/wp\/v2\/media?parent=20166"}],"wp:term":[{"taxonomy":"product_brand","embeddable":true,"href":"https:\/\/eterle.cz\/eshop\/wp-json\/wp\/v2\/product_brand?post=20166"},{"taxonomy":"product_cat","embeddable":true,"href":"https:\/\/eterle.cz\/eshop\/wp-json\/wp\/v2\/product_cat?post=20166"},{"taxonomy":"product_tag","embeddable":true,"href":"https:\/\/eterle.cz\/eshop\/wp-json\/wp\/v2\/product_tag?post=20166"}],"curies":[{"name":"wp","href":"https:\/\/api.w.org\/{rel}","templated":true}]}}