{"id":20250,"date":"2024-07-09T23:57:31","date_gmt":"2024-07-09T21:57:31","guid":{"rendered":"https:\/\/eterle.cz\/eshop\/produkt\/jidelni-sada-pro-4-hutschenreuther\/"},"modified":"2025-06-24T01:55:35","modified_gmt":"2025-06-23T23:55:35","slug":"jidelni-sada-pro-4-hutschenreuther","status":"publish","type":"product","link":"https:\/\/eterle.cz\/eshop\/produkt\/jidelni-sada-pro-4-hutschenreuther\/","title":{"rendered":"J\u00eddeln\u00ed sada pro 4 \/ Hutschenreuther"},"content":{"rendered":"<p>Kr\u00e1sn\u00e1 j\u00eddeln\u00ed sada pro 4 osoby od n\u011bmeck\u00e9 porcel\u00e1nky Hutschenreuther, jedn\u00e9 z nejstar\u0161\u00edch evropsk\u00fdch porcel\u00e1nek, kter\u00e1 pat\u0159\u00ed u\u017e p\u0159es dv\u011b dek\u00e1dy do \u201erodiny\u201c Rosenthal. Porcel\u00e1n je zdoben kv\u011btinami v pastelov\u00fdch barv\u00e1ch evokuj\u00edc\u00edch jaro a l\u00e9to. Zdoben\u00ed je dopln\u011bno zlatou linkou po obvodu.<\/p>\n<p>Sada obsahuje: 4x hlubok\u00fd tal\u00ed\u0159, 4x m\u011blk\u00fd tal\u00ed\u0159, pol\u00e9vkovou m\u00edsu, m\u00edsu s poklopem, ov\u00e1lnou m\u00edsu, sal\u00e1tovou m\u00edsu a om\u00e1\u010dn\u00edk<\/p>\n<p>Stav: velmi dobr\u00fd, bez vad<br \/>\nZna\u010dka: Hutschenreuther<br \/>\nRozm\u011br<br \/>\nPr\u016fm\u011br m\u011blk\u00e9ho tal\u00ed\u0159e: 24 cm<br \/>\nPr\u016fm\u011br hlubok\u00e9ho tal\u00ed\u0159e: 22 cm<br \/>\nOv\u00e1ln\u00e1 m\u00edsa: 22 x 32 cm<br \/>\nSal\u00e1tov\u00e1 m\u00edsa: 21 cm<br \/>\nObjem m\u00edsy s poklopem: 1 l<br \/>\nObjem pol\u00e9vkov\u00e9 m\u00edsy: 2 l<br \/>\nObjem om\u00e1\u010dn\u00edku: 200 ml<\/p>\n","protected":false},"excerpt":{"rendered":"<p>Kr\u00e1sn\u00e1 j\u00eddeln\u00ed sada pro 4 osoby od n\u011bmeck\u00e9 porcel\u00e1nky Hutschenreuther, jedn\u00e9 z nejstar\u0161\u00edch evropsk\u00fdch porcel\u00e1nek, kter\u00e1 pat\u0159\u00ed u\u017e p\u0159es dv\u011b<\/p>\n","protected":false},"featured_media":20251,"template":"","meta":[],"product_brand":[153],"product_cat":[76,111],"product_tag":[],"class_list":{"0":"post-20250","1":"product","2":"type-product","3":"status-publish","4":"has-post-thumbnail","6":"product_brand-eterle-cz","7":"product_cat-porcelan","8":"product_cat-porcelanove-sady","10":"first","11":"instock","12":"purchasable","13":"product-type-simple"},"_links":{"self":[{"href":"https:\/\/eterle.cz\/eshop\/wp-json\/wp\/v2\/product\/20250","targetHints":{"allow":["GET"]}}],"collection":[{"href":"https:\/\/eterle.cz\/eshop\/wp-json\/wp\/v2\/product"}],"about":[{"href":"https:\/\/eterle.cz\/eshop\/wp-json\/wp\/v2\/types\/product"}],"version-history":[{"count":1,"href":"https:\/\/eterle.cz\/eshop\/wp-json\/wp\/v2\/product\/20250\/revisions"}],"predecessor-version":[{"id":26503,"href":"https:\/\/eterle.cz\/eshop\/wp-json\/wp\/v2\/product\/20250\/revisions\/26503"}],"wp:featuredmedia":[{"embeddable":true,"href":"https:\/\/eterle.cz\/eshop\/wp-json\/wp\/v2\/media\/20251"}],"wp:attachment":[{"href":"https:\/\/eterle.cz\/eshop\/wp-json\/wp\/v2\/media?parent=20250"}],"wp:term":[{"taxonomy":"product_brand","embeddable":true,"href":"https:\/\/eterle.cz\/eshop\/wp-json\/wp\/v2\/product_brand?post=20250"},{"taxonomy":"product_cat","embeddable":true,"href":"https:\/\/eterle.cz\/eshop\/wp-json\/wp\/v2\/product_cat?post=20250"},{"taxonomy":"product_tag","embeddable":true,"href":"https:\/\/eterle.cz\/eshop\/wp-json\/wp\/v2\/product_tag?post=20250"}],"curies":[{"name":"wp","href":"https:\/\/api.w.org\/{rel}","templated":true}]}}