{"id":20266,"date":"2024-07-09T23:57:58","date_gmt":"2024-07-09T21:57:58","guid":{"rendered":"https:\/\/eterle.cz\/eshop\/produkt\/cajova-sada-pro-6-weimar\/"},"modified":"2025-06-24T01:55:35","modified_gmt":"2025-06-23T23:55:35","slug":"cajova-sada-pro-6-weimar","status":"publish","type":"product","link":"https:\/\/eterle.cz\/eshop\/produkt\/cajova-sada-pro-6-weimar\/","title":{"rendered":"\u010cajov\u00e1 sada pro 6 \/  Weimar"},"content":{"rendered":"<p>\u010cajov\u00e1 sada pro 6 osob od n\u011bmeck\u00e9 porcel\u00e1nky Weimar vyrobena z tenk\u00e9ho st\u0159epu. Porcel\u00e1n v barv\u011b lomen\u00e9 b\u00edl\u00e9 je zdoben n\u011b\u017en\u00fdmi lu\u010dn\u00edmi kv\u011btinami a siln\u011b zlacenou linkou po obvodu.<\/p>\n<p>Sada obsahuje: \u010dajovou konvici, ml\u00e9kovku, cuk\u0159enku, 6x sn\u00edda\u0148ovou sadu, kol\u00e1\u010dov\u00fd tal\u00ed\u0159<\/p>\n<p>Stav: velmi dobr\u00fd<br \/>\nZna\u010dka: Weimar<br \/>\nRozm\u011br<br \/>\nObjem konvice: 1,5 l<br \/>\nObjem ml\u00e9kovky: 300 ml<br \/>\nV\u00fd\u0161ka cuk\u0159enky: 10 cm<br \/>\nObjem hrne\u010dku: 150 ml<br \/>\nPr\u016fm\u011br pod\u0161\u00e1lku: 15 cm<br \/>\nPr\u016fm\u011br dezertn\u00edho tal\u00ed\u0159ku: 17 cm<br \/>\nPr\u016fm\u011br kol\u00e1\u010dov\u00e9ho tal\u00ed\u0159e: 28 cm<\/p>\n","protected":false},"excerpt":{"rendered":"<p>\u010cajov\u00e1 sada pro 6 osob od n\u011bmeck\u00e9 porcel\u00e1nky Weimar vyrobena z tenk\u00e9ho st\u0159epu. Porcel\u00e1n v barv\u011b lomen\u00e9 b\u00edl\u00e9 je zdoben<\/p>\n","protected":false},"featured_media":20267,"template":"","meta":[],"product_brand":[153],"product_cat":[76,111],"product_tag":[],"class_list":{"0":"post-20266","1":"product","2":"type-product","3":"status-publish","4":"has-post-thumbnail","6":"product_brand-eterle-cz","7":"product_cat-porcelan","8":"product_cat-porcelanove-sady","10":"first","11":"instock","12":"sale","13":"purchasable","14":"product-type-simple"},"_links":{"self":[{"href":"https:\/\/eterle.cz\/eshop\/wp-json\/wp\/v2\/product\/20266","targetHints":{"allow":["GET"]}}],"collection":[{"href":"https:\/\/eterle.cz\/eshop\/wp-json\/wp\/v2\/product"}],"about":[{"href":"https:\/\/eterle.cz\/eshop\/wp-json\/wp\/v2\/types\/product"}],"version-history":[{"count":1,"href":"https:\/\/eterle.cz\/eshop\/wp-json\/wp\/v2\/product\/20266\/revisions"}],"predecessor-version":[{"id":26502,"href":"https:\/\/eterle.cz\/eshop\/wp-json\/wp\/v2\/product\/20266\/revisions\/26502"}],"wp:featuredmedia":[{"embeddable":true,"href":"https:\/\/eterle.cz\/eshop\/wp-json\/wp\/v2\/media\/20267"}],"wp:attachment":[{"href":"https:\/\/eterle.cz\/eshop\/wp-json\/wp\/v2\/media?parent=20266"}],"wp:term":[{"taxonomy":"product_brand","embeddable":true,"href":"https:\/\/eterle.cz\/eshop\/wp-json\/wp\/v2\/product_brand?post=20266"},{"taxonomy":"product_cat","embeddable":true,"href":"https:\/\/eterle.cz\/eshop\/wp-json\/wp\/v2\/product_cat?post=20266"},{"taxonomy":"product_tag","embeddable":true,"href":"https:\/\/eterle.cz\/eshop\/wp-json\/wp\/v2\/product_tag?post=20266"}],"curies":[{"name":"wp","href":"https:\/\/api.w.org\/{rel}","templated":true}]}}