{"id":20282,"date":"2024-07-09T23:58:24","date_gmt":"2024-07-09T21:58:24","guid":{"rendered":"https:\/\/eterle.cz\/eshop\/produkt\/kavova-sada-pro-6\/"},"modified":"2025-06-24T01:55:35","modified_gmt":"2025-06-23T23:55:35","slug":"kavova-sada-pro-6","status":"publish","type":"product","link":"https:\/\/eterle.cz\/eshop\/produkt\/kavova-sada-pro-6\/","title":{"rendered":"K\u00e1vov\u00e1 sada pro 6"},"content":{"rendered":"<p>Siln\u011b zlacen\u00e1 k\u00e1vov\u00e1 sada pro 6 osob s \u010dern\u00fdm barokn\u00edm vzorem. Vhodn\u00e1 na z\u00e1mek nebo pro hol\u010di\u010dky na princeznovks\u00fd \u010daj o p\u00e1t\u00e9. <\/p>\n<p>Sada obsahuje: k\u00e1vovou konvici, ml\u00e9kovku, cuk\u0159enku, 6x hrne\u010dek s pod\u0161\u00e1lkem<\/p>\n<p>Stav: dobr\u00fd, konvi\u010dka na zadn\u00ed stran\u011b od\u0159en\u00e9 zlato<br \/>\nRozm\u011br<br \/>\nObjem konvice: 750 ml<br \/>\nObjem ml\u00e9kovky: 100 ml<br \/>\nV\u00fd\u0161ka cuk\u0159enky: 10 cm<br \/>\nObjem hrne\u010dku: 50 ml<br \/>\nPr\u016fm\u011br pod\u0161\u00e1lku: 11 cm<\/p>\n","protected":false},"excerpt":{"rendered":"<p>Siln\u011b zlacen\u00e1 k\u00e1vov\u00e1 sada pro 6 osob s \u010dern\u00fdm barokn\u00edm vzorem. Vhodn\u00e1 na z\u00e1mek nebo pro hol\u010di\u010dky na princeznovks\u00fd \u010daj<\/p>\n","protected":false},"featured_media":20283,"template":"","meta":[],"product_brand":[153],"product_cat":[76,111],"product_tag":[],"class_list":{"0":"post-20282","1":"product","2":"type-product","3":"status-publish","4":"has-post-thumbnail","6":"product_brand-eterle-cz","7":"product_cat-porcelan","8":"product_cat-porcelanove-sady","10":"first","11":"instock","12":"purchasable","13":"product-type-simple"},"_links":{"self":[{"href":"https:\/\/eterle.cz\/eshop\/wp-json\/wp\/v2\/product\/20282","targetHints":{"allow":["GET"]}}],"collection":[{"href":"https:\/\/eterle.cz\/eshop\/wp-json\/wp\/v2\/product"}],"about":[{"href":"https:\/\/eterle.cz\/eshop\/wp-json\/wp\/v2\/types\/product"}],"version-history":[{"count":1,"href":"https:\/\/eterle.cz\/eshop\/wp-json\/wp\/v2\/product\/20282\/revisions"}],"predecessor-version":[{"id":26501,"href":"https:\/\/eterle.cz\/eshop\/wp-json\/wp\/v2\/product\/20282\/revisions\/26501"}],"wp:featuredmedia":[{"embeddable":true,"href":"https:\/\/eterle.cz\/eshop\/wp-json\/wp\/v2\/media\/20283"}],"wp:attachment":[{"href":"https:\/\/eterle.cz\/eshop\/wp-json\/wp\/v2\/media?parent=20282"}],"wp:term":[{"taxonomy":"product_brand","embeddable":true,"href":"https:\/\/eterle.cz\/eshop\/wp-json\/wp\/v2\/product_brand?post=20282"},{"taxonomy":"product_cat","embeddable":true,"href":"https:\/\/eterle.cz\/eshop\/wp-json\/wp\/v2\/product_cat?post=20282"},{"taxonomy":"product_tag","embeddable":true,"href":"https:\/\/eterle.cz\/eshop\/wp-json\/wp\/v2\/product_tag?post=20282"}],"curies":[{"name":"wp","href":"https:\/\/api.w.org\/{rel}","templated":true}]}}