{"id":20291,"date":"2024-07-09T23:58:39","date_gmt":"2024-07-09T21:58:39","guid":{"rendered":"https:\/\/eterle.cz\/eshop\/produkt\/kavova-sada-pro-6-j-jezek\/"},"modified":"2025-06-24T01:55:34","modified_gmt":"2025-06-23T23:55:34","slug":"kavova-sada-pro-6-j-jezek","status":"publish","type":"product","link":"https:\/\/eterle.cz\/eshop\/produkt\/kavova-sada-pro-6-j-jezek\/","title":{"rendered":"K\u00e1vov\u00e1 sada pro 6  \/ J. Je\u017eek"},"content":{"rendered":"<p>Kompletn\u00ed moka servis AURELIA, kter\u00fd v roce 1967 navrhl jeden z na\u0161ich p\u0159edn\u00edch design\u00e9r\u016f Jaroslav Je\u017eek pro porcel\u00e1nku Pirkenhammer. Je\u017eek proslul n\u00e1vrhy u\u017eitn\u00e9ho a figur\u00e1ln\u00edho porcel\u00e1nu. Je\u017eek je jedn\u00edm z hlavn\u00edch p\u0159edstavitel\u016f Bruselsk\u00e9ho stylu a ze Sv\u011btov\u00e9 v\u00fdstavy Expo v roce 1958 si odvezl hned dv\u011b v\u00fdznamn\u00e1 ocen\u011bn\u00ed.<\/p>\n<p>Sada obsahuje: k\u00e1vovou konvici, ml\u00e9kovku, cuk\u0159enku, 6x hrne\u010dek s pod\u0161\u00e1lkem<\/p>\n<p>Stav: velmi dobr\u00fd, pouze jeden hrne\u010dek m\u00e1 asi 1mm o\u0165uk na vrchn\u00edm lemu<br \/>\nZna\u010dka: Jaroslav Je\u017eek<br \/>\nRozm\u011br<br \/>\nObjem konvice: 850 ml<br \/>\nObjem ml\u00e9kovky: 100 ml<br \/>\nV\u00fd\u0161ka cuk\u0159enky: 8,5 ml<br \/>\nObjem hrne\u010dku: 80 ml<br \/>\nPr\u016fm\u011br pod\u0161\u00e1lku: 12 cm<\/p>\n","protected":false},"excerpt":{"rendered":"<p>Kompletn\u00ed moka servis AURELIA, kter\u00fd v roce 1967 navrhl jeden z na\u0161ich p\u0159edn\u00edch design\u00e9r\u016f Jaroslav Je\u017eek pro porcel\u00e1nku Pirkenhammer. Je\u017eek<\/p>\n","protected":false},"featured_media":20292,"template":"","meta":[],"product_brand":[153],"product_cat":[76,111],"product_tag":[],"class_list":{"0":"post-20291","1":"product","2":"type-product","3":"status-publish","4":"has-post-thumbnail","6":"product_brand-eterle-cz","7":"product_cat-porcelan","8":"product_cat-porcelanove-sady","10":"first","11":"instock","12":"sale","13":"purchasable","14":"product-type-simple"},"_links":{"self":[{"href":"https:\/\/eterle.cz\/eshop\/wp-json\/wp\/v2\/product\/20291","targetHints":{"allow":["GET"]}}],"collection":[{"href":"https:\/\/eterle.cz\/eshop\/wp-json\/wp\/v2\/product"}],"about":[{"href":"https:\/\/eterle.cz\/eshop\/wp-json\/wp\/v2\/types\/product"}],"version-history":[{"count":1,"href":"https:\/\/eterle.cz\/eshop\/wp-json\/wp\/v2\/product\/20291\/revisions"}],"predecessor-version":[{"id":26500,"href":"https:\/\/eterle.cz\/eshop\/wp-json\/wp\/v2\/product\/20291\/revisions\/26500"}],"wp:featuredmedia":[{"embeddable":true,"href":"https:\/\/eterle.cz\/eshop\/wp-json\/wp\/v2\/media\/20292"}],"wp:attachment":[{"href":"https:\/\/eterle.cz\/eshop\/wp-json\/wp\/v2\/media?parent=20291"}],"wp:term":[{"taxonomy":"product_brand","embeddable":true,"href":"https:\/\/eterle.cz\/eshop\/wp-json\/wp\/v2\/product_brand?post=20291"},{"taxonomy":"product_cat","embeddable":true,"href":"https:\/\/eterle.cz\/eshop\/wp-json\/wp\/v2\/product_cat?post=20291"},{"taxonomy":"product_tag","embeddable":true,"href":"https:\/\/eterle.cz\/eshop\/wp-json\/wp\/v2\/product_tag?post=20291"}],"curies":[{"name":"wp","href":"https:\/\/api.w.org\/{rel}","templated":true}]}}