{"id":20301,"date":"2024-07-09T23:58:56","date_gmt":"2024-07-09T21:58:56","guid":{"rendered":"https:\/\/eterle.cz\/eshop\/produkt\/cajova-sada-pro-1-wedgwood\/"},"modified":"2025-02-16T02:46:07","modified_gmt":"2025-02-16T01:46:07","slug":"cajova-sada-pro-1-wedgwood","status":"publish","type":"product","link":"https:\/\/eterle.cz\/eshop\/produkt\/cajova-sada-pro-1-wedgwood\/","title":{"rendered":"\u010cajov\u00e1 sada pro 1 \/ Wedgwood"},"content":{"rendered":"<p>\u010cajov\u00e1 sada pro jendoho od zna\u010dky Wedgwood  v kr\u00e9mov\u00e9 barv\u011b s ru\u010dn\u011b malovan\u00fdm motivem anglick\u00e9ho venkova. Pou\u017eity jsou velmi odoln\u00e9 barvy a malba je pod glazurou. Josiah Wedgwood poprv\u00e9 p\u0159edstavil svou kr\u00e9mov\u011b zbarvenou keramiku v 60. letech 18. stolet\u00ed. Kr\u00e1lovn\u011b Charlotte daroval \u010dajov\u00fd servis v tomto nov\u00e9m proveden\u00ed a ona si ho zamilovala natolik, \u017ee ho po\u017e\u00e1dala, aby jej nazval &#8222;Queen\u2019s Ware&#8220;. Toto ozna\u010den\u00ed se pou\u017e\u00edv\u00e1 dodnes.<\/p>\n<p>Stav: velmi dobr\u00fd; \u0161\u00e1lek s dezertn\u00edm tal\u00ed\u0159kem maj\u00ed pavu\u010dinkov\u011b zkrakelovanou glazuru, co\u017e  je u tohoto porcl\u00e1nu b\u011b\u017en\u00e9<br \/>\nZna\u010dka: Wedgwood<br \/>\nRozm\u011br<br \/>\nObjem konvice: 1,150 l<br \/>\nObjem ml\u00e9kovky: 150 ml<br \/>\nObjem hrne\u010dku: 150 ml<br \/>\nPr\u016fm\u011br pod\u0161\u00e1lku: 14 cm<br \/>\nPr\u016fm\u011br dezertn\u00edho tal\u00ed\u0159ku: 19 cm<\/p>\n","protected":false},"excerpt":{"rendered":"<p>\u010cajov\u00e1 sada pro jendoho od zna\u010dky Wedgwood v kr\u00e9mov\u00e9 barv\u011b s ru\u010dn\u011b malovan\u00fdm motivem anglick\u00e9ho venkova. Pou\u017eity jsou velmi odoln\u00e9<\/p>\n","protected":false},"featured_media":20302,"template":"","meta":[],"product_brand":[153],"product_cat":[91],"product_tag":[],"class_list":{"0":"post-20301","1":"product","2":"type-product","3":"status-publish","4":"has-post-thumbnail","6":"product_brand-eterle-cz","7":"product_cat-prodane","9":"first","10":"outofstock","11":"purchasable","12":"product-type-simple"},"_links":{"self":[{"href":"https:\/\/eterle.cz\/eshop\/wp-json\/wp\/v2\/product\/20301","targetHints":{"allow":["GET"]}}],"collection":[{"href":"https:\/\/eterle.cz\/eshop\/wp-json\/wp\/v2\/product"}],"about":[{"href":"https:\/\/eterle.cz\/eshop\/wp-json\/wp\/v2\/types\/product"}],"version-history":[{"count":0,"href":"https:\/\/eterle.cz\/eshop\/wp-json\/wp\/v2\/product\/20301\/revisions"}],"wp:featuredmedia":[{"embeddable":true,"href":"https:\/\/eterle.cz\/eshop\/wp-json\/wp\/v2\/media\/20302"}],"wp:attachment":[{"href":"https:\/\/eterle.cz\/eshop\/wp-json\/wp\/v2\/media?parent=20301"}],"wp:term":[{"taxonomy":"product_brand","embeddable":true,"href":"https:\/\/eterle.cz\/eshop\/wp-json\/wp\/v2\/product_brand?post=20301"},{"taxonomy":"product_cat","embeddable":true,"href":"https:\/\/eterle.cz\/eshop\/wp-json\/wp\/v2\/product_cat?post=20301"},{"taxonomy":"product_tag","embeddable":true,"href":"https:\/\/eterle.cz\/eshop\/wp-json\/wp\/v2\/product_tag?post=20301"}],"curies":[{"name":"wp","href":"https:\/\/api.w.org\/{rel}","templated":true}]}}