{"id":20323,"date":"2024-07-09T23:59:34","date_gmt":"2024-07-09T21:59:34","guid":{"rendered":"https:\/\/eterle.cz\/eshop\/produkt\/cajova-sada-pro-4-kastner-saxonia\/"},"modified":"2025-06-24T01:55:34","modified_gmt":"2025-06-23T23:55:34","slug":"cajova-sada-pro-4-kastner-saxonia","status":"publish","type":"product","link":"https:\/\/eterle.cz\/eshop\/produkt\/cajova-sada-pro-4-kastner-saxonia\/","title":{"rendered":"\u010cajov\u00e1 sada pro 4 \/ Kastner Saxonia"},"content":{"rendered":"<p>\u010cajov\u00fd servis pro 4 osoby od proslul\u00e9 v\u00fdchodo n\u011bmeck\u00e9 porcel\u00e1nky Kastner Saxonia v \u010dokol\u00e1dov\u011b hn\u011bd\u00e9 barv\u011b. Hrne\u010dky jsou vyrobeny z tenk\u00e9ho st\u0159epu. <\/p>\n<p>Sada obsahuje: \u010dajovou konvici, ml\u00e9kovku, cuk\u0159enku, 4x hrne\u010dek s pod\u0161\u00e1lkem<\/p>\n<p>Stav: dobr\u00fd, pouze na konvici na dvou m\u00edstech lehce pro\u0161kr\u00e1bl\u00e1 barva<br \/>\nZna\u010dka: Kastner Saxonia<br \/>\nRozm\u011br<br \/>\nObjem konvice: 1,5 l<br \/>\nObjem ml\u00e9kovky: 300 ml<br \/>\nV\u00fd\u0161ka cuk\u0159enky: 11,5 cm<br \/>\nObjem hrne\u010dku: 150 cm<br \/>\nPr\u016fm\u011br pod\u0161\u00e1lku: 13 cm<br \/>\nPr\u016fm\u011br tal\u00ed\u0159ku: 18 cm<\/p>\n","protected":false},"excerpt":{"rendered":"<p>\u010cajov\u00fd servis pro 4 osoby od proslul\u00e9 v\u00fdchodo n\u011bmeck\u00e9 porcel\u00e1nky Kastner Saxonia v \u010dokol\u00e1dov\u011b hn\u011bd\u00e9 barv\u011b. Hrne\u010dky jsou vyrobeny z<\/p>\n","protected":false},"featured_media":20324,"template":"","meta":[],"product_brand":[153],"product_cat":[76,111],"product_tag":[],"class_list":{"0":"post-20323","1":"product","2":"type-product","3":"status-publish","4":"has-post-thumbnail","6":"product_brand-eterle-cz","7":"product_cat-porcelan","8":"product_cat-porcelanove-sady","10":"first","11":"instock","12":"sale","13":"purchasable","14":"product-type-simple"},"_links":{"self":[{"href":"https:\/\/eterle.cz\/eshop\/wp-json\/wp\/v2\/product\/20323","targetHints":{"allow":["GET"]}}],"collection":[{"href":"https:\/\/eterle.cz\/eshop\/wp-json\/wp\/v2\/product"}],"about":[{"href":"https:\/\/eterle.cz\/eshop\/wp-json\/wp\/v2\/types\/product"}],"version-history":[{"count":1,"href":"https:\/\/eterle.cz\/eshop\/wp-json\/wp\/v2\/product\/20323\/revisions"}],"predecessor-version":[{"id":26498,"href":"https:\/\/eterle.cz\/eshop\/wp-json\/wp\/v2\/product\/20323\/revisions\/26498"}],"wp:featuredmedia":[{"embeddable":true,"href":"https:\/\/eterle.cz\/eshop\/wp-json\/wp\/v2\/media\/20324"}],"wp:attachment":[{"href":"https:\/\/eterle.cz\/eshop\/wp-json\/wp\/v2\/media?parent=20323"}],"wp:term":[{"taxonomy":"product_brand","embeddable":true,"href":"https:\/\/eterle.cz\/eshop\/wp-json\/wp\/v2\/product_brand?post=20323"},{"taxonomy":"product_cat","embeddable":true,"href":"https:\/\/eterle.cz\/eshop\/wp-json\/wp\/v2\/product_cat?post=20323"},{"taxonomy":"product_tag","embeddable":true,"href":"https:\/\/eterle.cz\/eshop\/wp-json\/wp\/v2\/product_tag?post=20323"}],"curies":[{"name":"wp","href":"https:\/\/api.w.org\/{rel}","templated":true}]}}