{"id":20333,"date":"2024-07-09T23:59:50","date_gmt":"2024-07-09T21:59:50","guid":{"rendered":"https:\/\/eterle.cz\/eshop\/produkt\/snidanova-sada-2\/"},"modified":"2025-02-16T02:46:06","modified_gmt":"2025-02-16T01:46:06","slug":"snidanova-sada-2","status":"publish","type":"product","link":"https:\/\/eterle.cz\/eshop\/produkt\/snidanova-sada-2\/","title":{"rendered":"Sn\u00edda\u0148ov\u00e1 sada"},"content":{"rendered":"<p>Sn\u00edda\u0148ov\u00e1 sada pravd\u011bpodobn\u011b z Rakouska z obdob\u00ed 60. let minul\u00e9ho stolet\u00ed v neobvykle zelen\u00e9 barv\u011b v kombinaci se zlat\u00fdm geometrick\u00fdm zdoben\u00edm.<\/p>\n<p>Stav: dobr\u00fd, jen na hrne\u010dku jsou uvnit\u0159 dv\u011b mal\u00e9 te\u010dky v glazu\u0159e<br \/>\nRorm\u011br<br \/>\nObjem hrne\u010dku: 120 ml<br \/>\nPr\u016fm\u011br pod\u0161\u00e1lku: 15 cm<br \/>\nPr\u016fm\u011br dezertn\u00edho tal\u00ed\u0159ku: 19 cm<\/p>\n","protected":false},"excerpt":{"rendered":"<p>Sn\u00edda\u0148ov\u00e1 sada pravd\u011bpodobn\u011b z Rakouska z obdob\u00ed 60. let minul\u00e9ho stolet\u00ed v neobvykle zelen\u00e9 barv\u011b v kombinaci se zlat\u00fdm geometrick\u00fdm<\/p>\n","protected":false},"featured_media":20334,"template":"","meta":[],"product_brand":[153],"product_cat":[91],"product_tag":[],"class_list":{"0":"post-20333","1":"product","2":"type-product","3":"status-publish","4":"has-post-thumbnail","6":"product_brand-eterle-cz","7":"product_cat-prodane","9":"first","10":"outofstock","11":"purchasable","12":"product-type-simple"},"_links":{"self":[{"href":"https:\/\/eterle.cz\/eshop\/wp-json\/wp\/v2\/product\/20333","targetHints":{"allow":["GET"]}}],"collection":[{"href":"https:\/\/eterle.cz\/eshop\/wp-json\/wp\/v2\/product"}],"about":[{"href":"https:\/\/eterle.cz\/eshop\/wp-json\/wp\/v2\/types\/product"}],"version-history":[{"count":0,"href":"https:\/\/eterle.cz\/eshop\/wp-json\/wp\/v2\/product\/20333\/revisions"}],"wp:featuredmedia":[{"embeddable":true,"href":"https:\/\/eterle.cz\/eshop\/wp-json\/wp\/v2\/media\/20334"}],"wp:attachment":[{"href":"https:\/\/eterle.cz\/eshop\/wp-json\/wp\/v2\/media?parent=20333"}],"wp:term":[{"taxonomy":"product_brand","embeddable":true,"href":"https:\/\/eterle.cz\/eshop\/wp-json\/wp\/v2\/product_brand?post=20333"},{"taxonomy":"product_cat","embeddable":true,"href":"https:\/\/eterle.cz\/eshop\/wp-json\/wp\/v2\/product_cat?post=20333"},{"taxonomy":"product_tag","embeddable":true,"href":"https:\/\/eterle.cz\/eshop\/wp-json\/wp\/v2\/product_tag?post=20333"}],"curies":[{"name":"wp","href":"https:\/\/api.w.org\/{rel}","templated":true}]}}