{"id":20342,"date":"2024-07-10T00:00:05","date_gmt":"2024-07-09T22:00:05","guid":{"rendered":"https:\/\/eterle.cz\/eshop\/produkt\/snidanova-sada-3\/"},"modified":"2025-06-24T01:55:34","modified_gmt":"2025-06-23T23:55:34","slug":"snidanova-sada-3","status":"publish","type":"product","link":"https:\/\/eterle.cz\/eshop\/produkt\/snidanova-sada-3\/","title":{"rendered":"Sn\u00edda\u0148ov\u00e1 sada"},"content":{"rendered":"<p>Sn\u00edda\u0148ov\u00e1 sada z N\u011bmecka ve tvaru typick\u00e9m pro 60. l\u00e9ta minul\u00e9ho stolet\u00ed v okrov\u00e9 barv\u011b.<\/p>\n<p>Stav: dobr\u00fd, pod\u0161\u00e1lek m\u00e1 drobn\u00e9 \u0161kr\u00e1bance v barv\u011b<br \/>\nRorm\u011br<br \/>\nObjem hrne\u010dku: 120 ml<br \/>\nPr\u016fm\u011br pod\u0161\u00e1lku: 14 cm<br \/>\nPr\u016fm\u011br dezertn\u00edho tal\u00ed\u0159ku: 18 cm<\/p>\n","protected":false},"excerpt":{"rendered":"<p>Sn\u00edda\u0148ov\u00e1 sada z N\u011bmecka ve tvaru typick\u00e9m pro 60. l\u00e9ta minul\u00e9ho stolet\u00ed v okrov\u00e9 barv\u011b. Stav: dobr\u00fd, pod\u0161\u00e1lek m\u00e1 drobn\u00e9<\/p>\n","protected":false},"featured_media":20343,"template":"","meta":[],"product_brand":[153],"product_cat":[76,120],"product_tag":[],"class_list":{"0":"post-20342","1":"product","2":"type-product","3":"status-publish","4":"has-post-thumbnail","6":"product_brand-eterle-cz","7":"product_cat-porcelan","8":"product_cat-hrnecky","10":"first","11":"instock","12":"purchasable","13":"product-type-simple"},"_links":{"self":[{"href":"https:\/\/eterle.cz\/eshop\/wp-json\/wp\/v2\/product\/20342","targetHints":{"allow":["GET"]}}],"collection":[{"href":"https:\/\/eterle.cz\/eshop\/wp-json\/wp\/v2\/product"}],"about":[{"href":"https:\/\/eterle.cz\/eshop\/wp-json\/wp\/v2\/types\/product"}],"version-history":[{"count":1,"href":"https:\/\/eterle.cz\/eshop\/wp-json\/wp\/v2\/product\/20342\/revisions"}],"predecessor-version":[{"id":26497,"href":"https:\/\/eterle.cz\/eshop\/wp-json\/wp\/v2\/product\/20342\/revisions\/26497"}],"wp:featuredmedia":[{"embeddable":true,"href":"https:\/\/eterle.cz\/eshop\/wp-json\/wp\/v2\/media\/20343"}],"wp:attachment":[{"href":"https:\/\/eterle.cz\/eshop\/wp-json\/wp\/v2\/media?parent=20342"}],"wp:term":[{"taxonomy":"product_brand","embeddable":true,"href":"https:\/\/eterle.cz\/eshop\/wp-json\/wp\/v2\/product_brand?post=20342"},{"taxonomy":"product_cat","embeddable":true,"href":"https:\/\/eterle.cz\/eshop\/wp-json\/wp\/v2\/product_cat?post=20342"},{"taxonomy":"product_tag","embeddable":true,"href":"https:\/\/eterle.cz\/eshop\/wp-json\/wp\/v2\/product_tag?post=20342"}],"curies":[{"name":"wp","href":"https:\/\/api.w.org\/{rel}","templated":true}]}}