{"id":20349,"date":"2024-07-10T00:00:18","date_gmt":"2024-07-09T22:00:18","guid":{"rendered":"https:\/\/eterle.cz\/eshop\/produkt\/snidanova-sada-lichte\/"},"modified":"2025-05-13T11:00:34","modified_gmt":"2025-05-13T09:00:34","slug":"snidanova-sada-lichte","status":"publish","type":"product","link":"https:\/\/eterle.cz\/eshop\/produkt\/snidanova-sada-lichte\/","title":{"rendered":"Sn\u00edda\u0148ov\u00e1 sada \/ Lichte"},"content":{"rendered":"<p>Sn\u00edda\u0148ov\u00e1 sada n\u011bmeck\u00e9 porcel\u00e1nky Lichte s n\u011b\u017en\u00fdm dekorem v modr\u00fdch odst\u00ednech. Hrne\u010dek m\u00e1 zvl\u00e1\u0161tn\u00ed tvar na no\u017ei\u010dce.<\/p>\n<p>Stav: dobr\u00fd<br \/>\nZna\u010dka: Lichte<br \/>\nRorm\u011br<br \/>\nObjem hrne\u010dku: 150 ml<br \/>\nPr\u016fm\u011br pod\u0161\u00e1lku: 14 cm<br \/>\nPr\u016fm\u011br dezertn\u00edho tal\u00ed\u0159ku: 19 cm<\/p>\n","protected":false},"excerpt":{"rendered":"<p>Sn\u00edda\u0148ov\u00e1 sada n\u011bmeck\u00e9 porcel\u00e1nky Lichte s n\u011b\u017en\u00fdm dekorem v modr\u00fdch odst\u00ednech. Hrne\u010dek m\u00e1 zvl\u00e1\u0161tn\u00ed tvar na no\u017ei\u010dce. Stav: dobr\u00fd Zna\u010dka:<\/p>\n","protected":false},"featured_media":20350,"template":"","meta":[],"product_brand":[153],"product_cat":[91],"product_tag":[],"class_list":{"0":"post-20349","1":"product","2":"type-product","3":"status-publish","4":"has-post-thumbnail","6":"product_brand-eterle-cz","7":"product_cat-prodane","9":"first","10":"outofstock","11":"purchasable","12":"product-type-simple"},"_links":{"self":[{"href":"https:\/\/eterle.cz\/eshop\/wp-json\/wp\/v2\/product\/20349","targetHints":{"allow":["GET"]}}],"collection":[{"href":"https:\/\/eterle.cz\/eshop\/wp-json\/wp\/v2\/product"}],"about":[{"href":"https:\/\/eterle.cz\/eshop\/wp-json\/wp\/v2\/types\/product"}],"version-history":[{"count":0,"href":"https:\/\/eterle.cz\/eshop\/wp-json\/wp\/v2\/product\/20349\/revisions"}],"wp:featuredmedia":[{"embeddable":true,"href":"https:\/\/eterle.cz\/eshop\/wp-json\/wp\/v2\/media\/20350"}],"wp:attachment":[{"href":"https:\/\/eterle.cz\/eshop\/wp-json\/wp\/v2\/media?parent=20349"}],"wp:term":[{"taxonomy":"product_brand","embeddable":true,"href":"https:\/\/eterle.cz\/eshop\/wp-json\/wp\/v2\/product_brand?post=20349"},{"taxonomy":"product_cat","embeddable":true,"href":"https:\/\/eterle.cz\/eshop\/wp-json\/wp\/v2\/product_cat?post=20349"},{"taxonomy":"product_tag","embeddable":true,"href":"https:\/\/eterle.cz\/eshop\/wp-json\/wp\/v2\/product_tag?post=20349"}],"curies":[{"name":"wp","href":"https:\/\/api.w.org\/{rel}","templated":true}]}}