{"id":20368,"date":"2024-07-10T00:00:50","date_gmt":"2024-07-09T22:00:50","guid":{"rendered":"https:\/\/eterle.cz\/eshop\/produkt\/snidanova-sada-seltmann-2\/"},"modified":"2025-02-16T02:45:31","modified_gmt":"2025-02-16T01:45:31","slug":"snidanova-sada-seltmann-2","status":"publish","type":"product","link":"https:\/\/eterle.cz\/eshop\/produkt\/snidanova-sada-seltmann-2\/","title":{"rendered":"Sn\u00edda\u0148ov\u00e1 sada \/ Seltmann"},"content":{"rendered":"<p>Sn\u00edda\u0148ov\u00e1 romantick\u00e1 sada z porcel\u00e1nky Seltmann, kter\u00e1 je zdobena nejen modro \u0161ed\u00fdm dekorem kv\u011btin, ale hrnek i tal\u00ed\u0159ky jsou po okraj\u00edch plasticky vroubkovan\u00e9. Klasick\u00fd hrnek na \u010daj o p\u00e1t\u00e9 ze v\u0161ech romantick\u00fdch film\u016f i detektivek s Agh\u00e1tou Christie.<\/p>\n<p>Stav: dobr\u00fd<br \/>\nZna\u010dka: Seltmann<br \/>\nRorm\u011br<br \/>\nObjem hrne\u010dku: 100 ml<br \/>\nPr\u016fm\u011br pod\u0161\u00e1lku: 15 cm<br \/>\nPr\u016fm\u011br dezertn\u00edho tal\u00ed\u0159ku: 19 cm<\/p>\n","protected":false},"excerpt":{"rendered":"<p>Sn\u00edda\u0148ov\u00e1 romantick\u00e1 sada z porcel\u00e1nky Seltmann, kter\u00e1 je zdobena nejen modro \u0161ed\u00fdm dekorem kv\u011btin, ale hrnek i tal\u00ed\u0159ky jsou po<\/p>\n","protected":false},"featured_media":20369,"template":"","meta":[],"product_brand":[153],"product_cat":[91],"product_tag":[],"class_list":{"0":"post-20368","1":"product","2":"type-product","3":"status-publish","4":"has-post-thumbnail","6":"product_brand-eterle-cz","7":"product_cat-prodane","9":"first","10":"outofstock","11":"purchasable","12":"product-type-simple"},"_links":{"self":[{"href":"https:\/\/eterle.cz\/eshop\/wp-json\/wp\/v2\/product\/20368","targetHints":{"allow":["GET"]}}],"collection":[{"href":"https:\/\/eterle.cz\/eshop\/wp-json\/wp\/v2\/product"}],"about":[{"href":"https:\/\/eterle.cz\/eshop\/wp-json\/wp\/v2\/types\/product"}],"version-history":[{"count":0,"href":"https:\/\/eterle.cz\/eshop\/wp-json\/wp\/v2\/product\/20368\/revisions"}],"wp:featuredmedia":[{"embeddable":true,"href":"https:\/\/eterle.cz\/eshop\/wp-json\/wp\/v2\/media\/20369"}],"wp:attachment":[{"href":"https:\/\/eterle.cz\/eshop\/wp-json\/wp\/v2\/media?parent=20368"}],"wp:term":[{"taxonomy":"product_brand","embeddable":true,"href":"https:\/\/eterle.cz\/eshop\/wp-json\/wp\/v2\/product_brand?post=20368"},{"taxonomy":"product_cat","embeddable":true,"href":"https:\/\/eterle.cz\/eshop\/wp-json\/wp\/v2\/product_cat?post=20368"},{"taxonomy":"product_tag","embeddable":true,"href":"https:\/\/eterle.cz\/eshop\/wp-json\/wp\/v2\/product_tag?post=20368"}],"curies":[{"name":"wp","href":"https:\/\/api.w.org\/{rel}","templated":true}]}}