{"id":20375,"date":"2024-07-10T00:01:02","date_gmt":"2024-07-09T22:01:02","guid":{"rendered":"https:\/\/eterle.cz\/eshop\/produkt\/snidanova-sada-lichte-2\/"},"modified":"2025-06-24T01:55:34","modified_gmt":"2025-06-23T23:55:34","slug":"snidanova-sada-lichte-2","status":"publish","type":"product","link":"https:\/\/eterle.cz\/eshop\/produkt\/snidanova-sada-lichte-2\/","title":{"rendered":"Sn\u00edda\u0148ov\u00e1 sada \/ Lichte"},"content":{"rendered":"<p>Sn\u00edda\u0148ov\u00e1 sada od n\u011bmeck\u00e9 porcel\u00e1nky Lichte z 60. let minul\u00e9ho stolet\u00ed. Elegantn\u00ed tvar i barevn\u00e9 proveden\u00ed s ru\u010dn\u011b zlat\u011b malovan\u00fdm dekorem.<\/p>\n<p>Stav: dobr\u00fd<br \/>\nZna\u010dka: Lichte<br \/>\nRorm\u011br<br \/>\nObjem hrne\u010dku: 120 ml<br \/>\nPr\u016fm\u011br pod\u0161\u00e1lku: 14 cm<br \/>\nPr\u016fm\u011br dezertn\u00edho tal\u00ed\u0159ku: 18 cm<\/p>\n","protected":false},"excerpt":{"rendered":"<p>Sn\u00edda\u0148ov\u00e1 sada od n\u011bmeck\u00e9 porcel\u00e1nky Lichte z 60. let minul\u00e9ho stolet\u00ed. Elegantn\u00ed tvar i barevn\u00e9 proveden\u00ed s ru\u010dn\u011b zlat\u011b malovan\u00fdm<\/p>\n","protected":false},"featured_media":20376,"template":"","meta":[],"product_brand":[153],"product_cat":[76,120],"product_tag":[],"class_list":{"0":"post-20375","1":"product","2":"type-product","3":"status-publish","4":"has-post-thumbnail","6":"product_brand-eterle-cz","7":"product_cat-porcelan","8":"product_cat-hrnecky","10":"first","11":"instock","12":"purchasable","13":"product-type-simple"},"_links":{"self":[{"href":"https:\/\/eterle.cz\/eshop\/wp-json\/wp\/v2\/product\/20375","targetHints":{"allow":["GET"]}}],"collection":[{"href":"https:\/\/eterle.cz\/eshop\/wp-json\/wp\/v2\/product"}],"about":[{"href":"https:\/\/eterle.cz\/eshop\/wp-json\/wp\/v2\/types\/product"}],"version-history":[{"count":1,"href":"https:\/\/eterle.cz\/eshop\/wp-json\/wp\/v2\/product\/20375\/revisions"}],"predecessor-version":[{"id":26495,"href":"https:\/\/eterle.cz\/eshop\/wp-json\/wp\/v2\/product\/20375\/revisions\/26495"}],"wp:featuredmedia":[{"embeddable":true,"href":"https:\/\/eterle.cz\/eshop\/wp-json\/wp\/v2\/media\/20376"}],"wp:attachment":[{"href":"https:\/\/eterle.cz\/eshop\/wp-json\/wp\/v2\/media?parent=20375"}],"wp:term":[{"taxonomy":"product_brand","embeddable":true,"href":"https:\/\/eterle.cz\/eshop\/wp-json\/wp\/v2\/product_brand?post=20375"},{"taxonomy":"product_cat","embeddable":true,"href":"https:\/\/eterle.cz\/eshop\/wp-json\/wp\/v2\/product_cat?post=20375"},{"taxonomy":"product_tag","embeddable":true,"href":"https:\/\/eterle.cz\/eshop\/wp-json\/wp\/v2\/product_tag?post=20375"}],"curies":[{"name":"wp","href":"https:\/\/api.w.org\/{rel}","templated":true}]}}