{"id":20384,"date":"2024-07-10T00:01:18","date_gmt":"2024-07-09T22:01:18","guid":{"rendered":"https:\/\/eterle.cz\/eshop\/produkt\/snidanova-sada-rosenthal-8\/"},"modified":"2025-06-24T01:55:33","modified_gmt":"2025-06-23T23:55:33","slug":"snidanova-sada-rosenthal-8","status":"publish","type":"product","link":"https:\/\/eterle.cz\/eshop\/produkt\/snidanova-sada-rosenthal-8\/","title":{"rendered":"Sn\u00edda\u0148ov\u00e1 sada \/ Rosenthal"},"content":{"rendered":"<p>Sn\u00edda\u0148ov\u00e1 sada &#8222;Romance&#8220; od n\u011bmeck\u00e9 porcel\u00e1nky Rosenthal podle n\u00e1vrhu d\u00e1nsk\u00e9ho mal\u00ed\u0159e a design\u00e9ra Bj\u00f8rn Wiinblada. Tento designer byl v New Yorku v roce 1985 jmenov\u00e1n Mu\u017eem roku a v roce 1995 z\u00edskal kulturn\u00ed cenu Americko-skandin\u00e1vsk\u00e9 nadace. Wiinblad byl v\u00fdznamn\u00fdm n\u00e1vrh\u00e1\u0159em porcel\u00e1nky Rosenthal.<\/p>\n<p>Porcel\u00e1n je tenk\u00fd a pln\u011b pokryt plastick\u00fdm jemn\u00fdm vzorem ov\u00e1l\u016f a te\u010dek, kter\u00fd je je\u0161t\u011b dekorov\u00e1n ru\u010dn\u00ed malbou kv\u011btin.<\/p>\n<p>Stav: velmi dobr\u00fd<br \/>\nZna\u010dka: Rosenthal<br \/>\nRorm\u011br<br \/>\nObjem hrne\u010dku: 180 ml<br \/>\nPr\u016fm\u011br pod\u0161\u00e1lku: 14,5 cm<br \/>\nPr\u016fm\u011br dezertn\u00edho tal\u00ed\u0159ku: 20 cm<\/p>\n","protected":false},"excerpt":{"rendered":"<p>Sn\u00edda\u0148ov\u00e1 sada &#8222;Romance&#8220; od n\u011bmeck\u00e9 porcel\u00e1nky Rosenthal podle n\u00e1vrhu d\u00e1nsk\u00e9ho mal\u00ed\u0159e a design\u00e9ra Bj\u00f8rn Wiinblada. Tento designer byl v New<\/p>\n","protected":false},"featured_media":20385,"template":"","meta":[],"product_brand":[153],"product_cat":[76,120],"product_tag":[],"class_list":{"0":"post-20384","1":"product","2":"type-product","3":"status-publish","4":"has-post-thumbnail","6":"product_brand-eterle-cz","7":"product_cat-porcelan","8":"product_cat-hrnecky","10":"first","11":"instock","12":"purchasable","13":"product-type-simple"},"_links":{"self":[{"href":"https:\/\/eterle.cz\/eshop\/wp-json\/wp\/v2\/product\/20384","targetHints":{"allow":["GET"]}}],"collection":[{"href":"https:\/\/eterle.cz\/eshop\/wp-json\/wp\/v2\/product"}],"about":[{"href":"https:\/\/eterle.cz\/eshop\/wp-json\/wp\/v2\/types\/product"}],"version-history":[{"count":1,"href":"https:\/\/eterle.cz\/eshop\/wp-json\/wp\/v2\/product\/20384\/revisions"}],"predecessor-version":[{"id":26494,"href":"https:\/\/eterle.cz\/eshop\/wp-json\/wp\/v2\/product\/20384\/revisions\/26494"}],"wp:featuredmedia":[{"embeddable":true,"href":"https:\/\/eterle.cz\/eshop\/wp-json\/wp\/v2\/media\/20385"}],"wp:attachment":[{"href":"https:\/\/eterle.cz\/eshop\/wp-json\/wp\/v2\/media?parent=20384"}],"wp:term":[{"taxonomy":"product_brand","embeddable":true,"href":"https:\/\/eterle.cz\/eshop\/wp-json\/wp\/v2\/product_brand?post=20384"},{"taxonomy":"product_cat","embeddable":true,"href":"https:\/\/eterle.cz\/eshop\/wp-json\/wp\/v2\/product_cat?post=20384"},{"taxonomy":"product_tag","embeddable":true,"href":"https:\/\/eterle.cz\/eshop\/wp-json\/wp\/v2\/product_tag?post=20384"}],"curies":[{"name":"wp","href":"https:\/\/api.w.org\/{rel}","templated":true}]}}