{"id":20393,"date":"2024-07-10T00:01:32","date_gmt":"2024-07-09T22:01:32","guid":{"rendered":"https:\/\/eterle.cz\/eshop\/produkt\/cajova-konvice-hutschenreuther-2\/"},"modified":"2025-02-16T02:45:30","modified_gmt":"2025-02-16T01:45:30","slug":"cajova-konvice-hutschenreuther-2","status":"publish","type":"product","link":"https:\/\/eterle.cz\/eshop\/produkt\/cajova-konvice-hutschenreuther-2\/","title":{"rendered":"\u010cajov\u00e1 konvice \/ Hutschenreuther"},"content":{"rendered":"<p>\u010cajov\u00e1 konvice od n\u011bmeck\u00e9 porcel\u00e1nky Hurschenreuther, jedn\u00e9 z nejstar\u0161\u00edch evropsk\u00fdch porcel\u00e1nek, kter\u00e1 pat\u0159\u00ed u\u017e p\u0159es dv\u011b dek\u00e1dy do \u201erodiny\u201c Rosenthal. Konvice je cel\u00e1 b\u00edl\u00e1, ale je plasticky zdobena n\u011b\u017en\u00fd vzorem jakoby sloup\u016f s kuli\u010dkami.<\/p>\n<p>Stav: velmi dobr\u00fd<br \/>\nZna\u010dka: Hutschenreuther<br \/>\nObjem: 1,120 l<\/p>\n","protected":false},"excerpt":{"rendered":"<p>\u010cajov\u00e1 konvice od n\u011bmeck\u00e9 porcel\u00e1nky Hurschenreuther, jedn\u00e9 z nejstar\u0161\u00edch evropsk\u00fdch porcel\u00e1nek, kter\u00e1 pat\u0159\u00ed u\u017e p\u0159es dv\u011b dek\u00e1dy do \u201erodiny\u201c Rosenthal.<\/p>\n","protected":false},"featured_media":20394,"template":"","meta":[],"product_brand":[153],"product_cat":[91],"product_tag":[],"class_list":{"0":"post-20393","1":"product","2":"type-product","3":"status-publish","4":"has-post-thumbnail","6":"product_brand-eterle-cz","7":"product_cat-prodane","9":"first","10":"outofstock","11":"purchasable","12":"product-type-simple"},"_links":{"self":[{"href":"https:\/\/eterle.cz\/eshop\/wp-json\/wp\/v2\/product\/20393","targetHints":{"allow":["GET"]}}],"collection":[{"href":"https:\/\/eterle.cz\/eshop\/wp-json\/wp\/v2\/product"}],"about":[{"href":"https:\/\/eterle.cz\/eshop\/wp-json\/wp\/v2\/types\/product"}],"version-history":[{"count":0,"href":"https:\/\/eterle.cz\/eshop\/wp-json\/wp\/v2\/product\/20393\/revisions"}],"wp:featuredmedia":[{"embeddable":true,"href":"https:\/\/eterle.cz\/eshop\/wp-json\/wp\/v2\/media\/20394"}],"wp:attachment":[{"href":"https:\/\/eterle.cz\/eshop\/wp-json\/wp\/v2\/media?parent=20393"}],"wp:term":[{"taxonomy":"product_brand","embeddable":true,"href":"https:\/\/eterle.cz\/eshop\/wp-json\/wp\/v2\/product_brand?post=20393"},{"taxonomy":"product_cat","embeddable":true,"href":"https:\/\/eterle.cz\/eshop\/wp-json\/wp\/v2\/product_cat?post=20393"},{"taxonomy":"product_tag","embeddable":true,"href":"https:\/\/eterle.cz\/eshop\/wp-json\/wp\/v2\/product_tag?post=20393"}],"curies":[{"name":"wp","href":"https:\/\/api.w.org\/{rel}","templated":true}]}}