{"id":20426,"date":"2024-07-10T00:02:28","date_gmt":"2024-07-09T22:02:28","guid":{"rendered":"https:\/\/eterle.cz\/eshop\/produkt\/kavova-sada-pro-6-jlmenau\/"},"modified":"2025-06-10T21:35:59","modified_gmt":"2025-06-10T19:35:59","slug":"kavova-sada-pro-6-jlmenau","status":"publish","type":"product","link":"https:\/\/eterle.cz\/eshop\/produkt\/kavova-sada-pro-6-jlmenau\/","title":{"rendered":"K\u00e1vov\u00e1 sada pro 6 \/ Jlmenau"},"content":{"rendered":"<p>K\u00e1vov\u00e1 sada pro 4 osoby z porcel\u00e1nky Jlmenau z jemn\u00e9ho st\u0159epu. Sada p\u016fsob\u00ed vzorem i pastelov\u00fdmi barvami velmi n\u011b\u017en\u011b. <\/p>\n<p>Sada obsahuje: k\u00e1vovou konvici, ml\u00e9kovku, cuk\u0159enku, 6x sn\u00edda\u0148ovou sadu<\/p>\n<p>Stav: dobr\u00fd<br \/>\nZna\u010dka: Jlmenau<br \/>\nRorm\u011br<br \/>\nObjem konvice: 1,300 l<br \/>\nObjem hrne\u010dku: 150 ml<br \/>\nObjem ml\u00e9kovky: 200 ml<br \/>\nV\u00fd\u0161ka cuk\u0159enky: 13 cm<br \/>\nPr\u016fm\u011br pod\u0161\u00e1lku: 15 cm<br \/>\nPr\u016fm\u011br dezertn\u00edho tal\u00ed\u0159ku: 19,5 cm<\/p>\n","protected":false},"excerpt":{"rendered":"<p>K\u00e1vov\u00e1 sada pro 4 osoby z porcel\u00e1nky Jlmenau z jemn\u00e9ho st\u0159epu. Sada p\u016fsob\u00ed vzorem i pastelov\u00fdmi barvami velmi n\u011b\u017en\u011b. Sada<\/p>\n","protected":false},"featured_media":20427,"template":"","meta":[],"product_brand":[153],"product_cat":[91],"product_tag":[],"class_list":{"0":"post-20426","1":"product","2":"type-product","3":"status-publish","4":"has-post-thumbnail","6":"product_brand-eterle-cz","7":"product_cat-prodane","9":"first","10":"outofstock","11":"sale","12":"purchasable","13":"product-type-simple"},"_links":{"self":[{"href":"https:\/\/eterle.cz\/eshop\/wp-json\/wp\/v2\/product\/20426","targetHints":{"allow":["GET"]}}],"collection":[{"href":"https:\/\/eterle.cz\/eshop\/wp-json\/wp\/v2\/product"}],"about":[{"href":"https:\/\/eterle.cz\/eshop\/wp-json\/wp\/v2\/types\/product"}],"version-history":[{"count":1,"href":"https:\/\/eterle.cz\/eshop\/wp-json\/wp\/v2\/product\/20426\/revisions"}],"predecessor-version":[{"id":26029,"href":"https:\/\/eterle.cz\/eshop\/wp-json\/wp\/v2\/product\/20426\/revisions\/26029"}],"wp:featuredmedia":[{"embeddable":true,"href":"https:\/\/eterle.cz\/eshop\/wp-json\/wp\/v2\/media\/20427"}],"wp:attachment":[{"href":"https:\/\/eterle.cz\/eshop\/wp-json\/wp\/v2\/media?parent=20426"}],"wp:term":[{"taxonomy":"product_brand","embeddable":true,"href":"https:\/\/eterle.cz\/eshop\/wp-json\/wp\/v2\/product_brand?post=20426"},{"taxonomy":"product_cat","embeddable":true,"href":"https:\/\/eterle.cz\/eshop\/wp-json\/wp\/v2\/product_cat?post=20426"},{"taxonomy":"product_tag","embeddable":true,"href":"https:\/\/eterle.cz\/eshop\/wp-json\/wp\/v2\/product_tag?post=20426"}],"curies":[{"name":"wp","href":"https:\/\/api.w.org\/{rel}","templated":true}]}}