{"id":20441,"date":"2024-07-10T00:02:53","date_gmt":"2024-07-09T22:02:53","guid":{"rendered":"https:\/\/eterle.cz\/eshop\/produkt\/sada-taliru-pro-6\/"},"modified":"2025-06-24T01:55:33","modified_gmt":"2025-06-23T23:55:33","slug":"sada-taliru-pro-6","status":"publish","type":"product","link":"https:\/\/eterle.cz\/eshop\/produkt\/sada-taliru-pro-6\/","title":{"rendered":"Sada tal\u00ed\u0159\u016f pro 6"},"content":{"rendered":"<p>Sada j\u00eddeln\u00edch tal\u00ed\u0159\u016f pro 6 osob s romantick\u00fdm dekorem r\u016f\u017eov\u00fdch kv\u00edtk\u016f se zlatou linkou poobvodu. P\u016fsob\u00ed slavnostn\u011b, ale ne p\u0159ezdoben\u011b.<\/p>\n<p>Stav: dobr\u00fd<br \/>\nRozm\u011br<br \/>\nPr\u016fm\u011br m\u011blk\u00e9ho tal\u00ed\u0159e: 24 cm<br \/>\nPr\u016fm\u011br hlubok\u00e9ho tal\u00ed\u0159e: 24 cm<\/p>\n","protected":false},"excerpt":{"rendered":"<p>Sada j\u00eddeln\u00edch tal\u00ed\u0159\u016f pro 6 osob s romantick\u00fdm dekorem r\u016f\u017eov\u00fdch kv\u00edtk\u016f se zlatou linkou poobvodu. P\u016fsob\u00ed slavnostn\u011b, ale ne p\u0159ezdoben\u011b.<\/p>\n","protected":false},"featured_media":20442,"template":"","meta":[],"product_brand":[153],"product_cat":[76,111],"product_tag":[],"class_list":{"0":"post-20441","1":"product","2":"type-product","3":"status-publish","4":"has-post-thumbnail","6":"product_brand-eterle-cz","7":"product_cat-porcelan","8":"product_cat-porcelanove-sady","10":"first","11":"instock","12":"purchasable","13":"product-type-simple"},"_links":{"self":[{"href":"https:\/\/eterle.cz\/eshop\/wp-json\/wp\/v2\/product\/20441","targetHints":{"allow":["GET"]}}],"collection":[{"href":"https:\/\/eterle.cz\/eshop\/wp-json\/wp\/v2\/product"}],"about":[{"href":"https:\/\/eterle.cz\/eshop\/wp-json\/wp\/v2\/types\/product"}],"version-history":[{"count":1,"href":"https:\/\/eterle.cz\/eshop\/wp-json\/wp\/v2\/product\/20441\/revisions"}],"predecessor-version":[{"id":26491,"href":"https:\/\/eterle.cz\/eshop\/wp-json\/wp\/v2\/product\/20441\/revisions\/26491"}],"wp:featuredmedia":[{"embeddable":true,"href":"https:\/\/eterle.cz\/eshop\/wp-json\/wp\/v2\/media\/20442"}],"wp:attachment":[{"href":"https:\/\/eterle.cz\/eshop\/wp-json\/wp\/v2\/media?parent=20441"}],"wp:term":[{"taxonomy":"product_brand","embeddable":true,"href":"https:\/\/eterle.cz\/eshop\/wp-json\/wp\/v2\/product_brand?post=20441"},{"taxonomy":"product_cat","embeddable":true,"href":"https:\/\/eterle.cz\/eshop\/wp-json\/wp\/v2\/product_cat?post=20441"},{"taxonomy":"product_tag","embeddable":true,"href":"https:\/\/eterle.cz\/eshop\/wp-json\/wp\/v2\/product_tag?post=20441"}],"curies":[{"name":"wp","href":"https:\/\/api.w.org\/{rel}","templated":true}]}}