{"id":20454,"date":"2024-07-10T00:03:14","date_gmt":"2024-07-09T22:03:14","guid":{"rendered":"https:\/\/eterle.cz\/eshop\/produkt\/cajova-sada-pro-6-thun\/"},"modified":"2026-03-04T22:05:21","modified_gmt":"2026-03-04T21:05:21","slug":"cajova-sada-pro-6-thun","status":"publish","type":"product","link":"https:\/\/eterle.cz\/eshop\/produkt\/cajova-sada-pro-6-thun\/","title":{"rendered":"\u010cajov\u00e1 sada pro 6 \/ Thun"},"content":{"rendered":"<p>\u010cajov\u00e1 sada od porcel\u00e1nky Thun ve stylu Art deco ve smetanov\u00e9 barv\u011b se zlat\u00fdm prou\u017ekem. Minimalistick\u00e1 a elegentn\u00ed sada vhodn\u00e1 na koa\u017edodenn\u00ed pou\u017eit\u00ed. <\/p>\n<p>Sada obsahuje: \u010dajovou konvici, ml\u00e9kovku, cuk\u0159enku, 6x hrnek s pod\u0161\u00e1lkem<\/p>\n<p>Stav: perfektn\u00ed<br \/>\nZna\u010dka: Thun<br \/>\nRorm\u011br<br \/>\nObjem konvice: 1,5 l<br \/>\nObjem hrne\u010dku: 200 ml<br \/>\nObjem ml\u00e9kovky: 300 ml<br \/>\nV\u00fd\u0161ka cuk\u0159enky: 12 cm<br \/>\nPr\u016fm\u011br pod\u0161\u00e1lku: 14,5 cm<\/p>\n","protected":false},"excerpt":{"rendered":"<p>\u010cajov\u00e1 sada od porcel\u00e1nky Thun ve stylu Art deco ve smetanov\u00e9 barv\u011b se zlat\u00fdm prou\u017ekem. Minimalistick\u00e1 a elegentn\u00ed sada vhodn\u00e1<\/p>\n","protected":false},"featured_media":20455,"template":"","meta":[],"product_brand":[153],"product_cat":[91],"product_tag":[],"class_list":{"0":"post-20454","1":"product","2":"type-product","3":"status-publish","4":"has-post-thumbnail","6":"product_brand-eterle-cz","7":"product_cat-prodane","9":"first","10":"outofstock","11":"purchasable","12":"product-type-simple"},"_links":{"self":[{"href":"https:\/\/eterle.cz\/eshop\/wp-json\/wp\/v2\/product\/20454","targetHints":{"allow":["GET"]}}],"collection":[{"href":"https:\/\/eterle.cz\/eshop\/wp-json\/wp\/v2\/product"}],"about":[{"href":"https:\/\/eterle.cz\/eshop\/wp-json\/wp\/v2\/types\/product"}],"version-history":[{"count":1,"href":"https:\/\/eterle.cz\/eshop\/wp-json\/wp\/v2\/product\/20454\/revisions"}],"predecessor-version":[{"id":26490,"href":"https:\/\/eterle.cz\/eshop\/wp-json\/wp\/v2\/product\/20454\/revisions\/26490"}],"wp:featuredmedia":[{"embeddable":true,"href":"https:\/\/eterle.cz\/eshop\/wp-json\/wp\/v2\/media\/20455"}],"wp:attachment":[{"href":"https:\/\/eterle.cz\/eshop\/wp-json\/wp\/v2\/media?parent=20454"}],"wp:term":[{"taxonomy":"product_brand","embeddable":true,"href":"https:\/\/eterle.cz\/eshop\/wp-json\/wp\/v2\/product_brand?post=20454"},{"taxonomy":"product_cat","embeddable":true,"href":"https:\/\/eterle.cz\/eshop\/wp-json\/wp\/v2\/product_cat?post=20454"},{"taxonomy":"product_tag","embeddable":true,"href":"https:\/\/eterle.cz\/eshop\/wp-json\/wp\/v2\/product_tag?post=20454"}],"curies":[{"name":"wp","href":"https:\/\/api.w.org\/{rel}","templated":true}]}}