{"id":20463,"date":"2024-07-10T00:03:31","date_gmt":"2024-07-09T22:03:31","guid":{"rendered":"https:\/\/eterle.cz\/eshop\/produkt\/hrnek-dubi\/"},"modified":"2025-12-15T00:32:29","modified_gmt":"2025-12-14T23:32:29","slug":"hrnek-dubi","status":"publish","type":"product","link":"https:\/\/eterle.cz\/eshop\/produkt\/hrnek-dubi\/","title":{"rendered":"Hrnek \/ Dub\u00ed"},"content":{"rendered":"<p>B\u00edl\u00fd hrnek s cibul\u00e1kov\u00fdm vzorem, kter\u00fd je pouze v plastick\u00e9m proveden\u00ed, hrne\u010dek je bez typick\u00e9 modr\u00e9 glazury.<\/p>\n<p>Stav: nov\u00fd<br \/>\nZna\u010dka: Dub\u00ed<br \/>\nObjem: 200 ml<\/p>\n","protected":false},"excerpt":{"rendered":"<p>B\u00edl\u00fd hrnek s cibul\u00e1kov\u00fdm vzorem, kter\u00fd je pouze v plastick\u00e9m proveden\u00ed, hrne\u010dek je bez typick\u00e9 modr\u00e9 glazury. Stav: nov\u00fd Zna\u010dka:<\/p>\n","protected":false},"featured_media":20464,"template":"","meta":[],"product_brand":[153],"product_cat":[91],"product_tag":[],"class_list":{"0":"post-20463","1":"product","2":"type-product","3":"status-publish","4":"has-post-thumbnail","6":"product_brand-eterle-cz","7":"product_cat-prodane","9":"first","10":"outofstock","11":"purchasable","12":"product-type-simple"},"_links":{"self":[{"href":"https:\/\/eterle.cz\/eshop\/wp-json\/wp\/v2\/product\/20463","targetHints":{"allow":["GET"]}}],"collection":[{"href":"https:\/\/eterle.cz\/eshop\/wp-json\/wp\/v2\/product"}],"about":[{"href":"https:\/\/eterle.cz\/eshop\/wp-json\/wp\/v2\/types\/product"}],"version-history":[{"count":1,"href":"https:\/\/eterle.cz\/eshop\/wp-json\/wp\/v2\/product\/20463\/revisions"}],"predecessor-version":[{"id":26489,"href":"https:\/\/eterle.cz\/eshop\/wp-json\/wp\/v2\/product\/20463\/revisions\/26489"}],"wp:featuredmedia":[{"embeddable":true,"href":"https:\/\/eterle.cz\/eshop\/wp-json\/wp\/v2\/media\/20464"}],"wp:attachment":[{"href":"https:\/\/eterle.cz\/eshop\/wp-json\/wp\/v2\/media?parent=20463"}],"wp:term":[{"taxonomy":"product_brand","embeddable":true,"href":"https:\/\/eterle.cz\/eshop\/wp-json\/wp\/v2\/product_brand?post=20463"},{"taxonomy":"product_cat","embeddable":true,"href":"https:\/\/eterle.cz\/eshop\/wp-json\/wp\/v2\/product_cat?post=20463"},{"taxonomy":"product_tag","embeddable":true,"href":"https:\/\/eterle.cz\/eshop\/wp-json\/wp\/v2\/product_tag?post=20463"}],"curies":[{"name":"wp","href":"https:\/\/api.w.org\/{rel}","templated":true}]}}