{"id":20471,"date":"2024-07-10T00:03:43","date_gmt":"2024-07-09T22:03:43","guid":{"rendered":"https:\/\/eterle.cz\/eshop\/produkt\/ovalny-talirek-thun\/"},"modified":"2026-02-28T16:33:09","modified_gmt":"2026-02-28T15:33:09","slug":"ovalny-talirek-thun","status":"publish","type":"product","link":"https:\/\/eterle.cz\/eshop\/produkt\/ovalny-talirek-thun\/","title":{"rendered":"Ov\u00e1ln\u00fd tal\u00ed\u0159ek \/ Thun"},"content":{"rendered":"<p>Ov\u00e1ln\u00fd tal\u00ed\u0159ek siln\u011bj\u0161\u00edho st\u0159epu s tmav\u011bmodr\u00fdm prou\u017ekem se hod\u00ed nejen na n\u00e1mo\u0159nickou party, ale i na chalupu a p\u0159\u00edlohy ke grilov\u00e1n\u00ed.<\/p>\n<p>Stav: nov\u00fd<br \/>\nZna\u010dka: Thun<br \/>\nRozm\u011br: 24 x 17 cm<\/p>\n","protected":false},"excerpt":{"rendered":"<p>Ov\u00e1ln\u00fd tal\u00ed\u0159ek siln\u011bj\u0161\u00edho st\u0159epu s tmav\u011bmodr\u00fdm prou\u017ekem se hod\u00ed nejen na n\u00e1mo\u0159nickou party, ale i na chalupu a p\u0159\u00edlohy ke<\/p>\n","protected":false},"featured_media":20472,"template":"","meta":[],"product_brand":[153],"product_cat":[76,109],"product_tag":[],"class_list":{"0":"post-20471","1":"product","2":"type-product","3":"status-publish","4":"has-post-thumbnail","6":"product_brand-eterle-cz","7":"product_cat-porcelan","8":"product_cat-talire","10":"first","11":"instock","12":"purchasable","13":"product-type-simple"},"_links":{"self":[{"href":"https:\/\/eterle.cz\/eshop\/wp-json\/wp\/v2\/product\/20471","targetHints":{"allow":["GET"]}}],"collection":[{"href":"https:\/\/eterle.cz\/eshop\/wp-json\/wp\/v2\/product"}],"about":[{"href":"https:\/\/eterle.cz\/eshop\/wp-json\/wp\/v2\/types\/product"}],"version-history":[{"count":2,"href":"https:\/\/eterle.cz\/eshop\/wp-json\/wp\/v2\/product\/20471\/revisions"}],"predecessor-version":[{"id":26488,"href":"https:\/\/eterle.cz\/eshop\/wp-json\/wp\/v2\/product\/20471\/revisions\/26488"}],"wp:featuredmedia":[{"embeddable":true,"href":"https:\/\/eterle.cz\/eshop\/wp-json\/wp\/v2\/media\/20472"}],"wp:attachment":[{"href":"https:\/\/eterle.cz\/eshop\/wp-json\/wp\/v2\/media?parent=20471"}],"wp:term":[{"taxonomy":"product_brand","embeddable":true,"href":"https:\/\/eterle.cz\/eshop\/wp-json\/wp\/v2\/product_brand?post=20471"},{"taxonomy":"product_cat","embeddable":true,"href":"https:\/\/eterle.cz\/eshop\/wp-json\/wp\/v2\/product_cat?post=20471"},{"taxonomy":"product_tag","embeddable":true,"href":"https:\/\/eterle.cz\/eshop\/wp-json\/wp\/v2\/product_tag?post=20471"}],"curies":[{"name":"wp","href":"https:\/\/api.w.org\/{rel}","templated":true}]}}