{"id":20476,"date":"2024-07-10T00:03:50","date_gmt":"2024-07-09T22:03:50","guid":{"rendered":"https:\/\/eterle.cz\/eshop\/produkt\/ovalna-misa-villeroy-boch\/"},"modified":"2026-01-20T21:24:30","modified_gmt":"2026-01-20T20:24:30","slug":"ovalna-misa-villeroy-boch","status":"publish","type":"product","link":"https:\/\/eterle.cz\/eshop\/produkt\/ovalna-misa-villeroy-boch\/","title":{"rendered":"Ov\u00e1ln\u00e1 m\u00edsa \/ Villeroy Boch"},"content":{"rendered":"<p>Ov\u00e1ln\u00e1 m\u00edsa od zna\u010dky Villeroy Boch z \u0159ady Old Luxembourg ve smetanov\u00e9 barv\u011b s modr\u00fdm dekorem kv\u011btin.<\/p>\n<p>Stav: dobr\u00fd<br \/>\nZna\u010dka: Villeroy Boch<br \/>\nRozm\u011br: 26 x 35 cm<\/p>\n","protected":false},"excerpt":{"rendered":"<p>Ov\u00e1ln\u00e1 m\u00edsa od zna\u010dky Villeroy Boch z \u0159ady Old Luxembourg ve smetanov\u00e9 barv\u011b s modr\u00fdm dekorem kv\u011btin. Stav: dobr\u00fd Zna\u010dka:<\/p>\n","protected":false},"featured_media":20477,"template":"","meta":[],"product_brand":[153],"product_cat":[91],"product_tag":[],"class_list":{"0":"post-20476","1":"product","2":"type-product","3":"status-publish","4":"has-post-thumbnail","6":"product_brand-eterle-cz","7":"product_cat-prodane","9":"first","10":"outofstock","11":"purchasable","12":"product-type-simple"},"_links":{"self":[{"href":"https:\/\/eterle.cz\/eshop\/wp-json\/wp\/v2\/product\/20476","targetHints":{"allow":["GET"]}}],"collection":[{"href":"https:\/\/eterle.cz\/eshop\/wp-json\/wp\/v2\/product"}],"about":[{"href":"https:\/\/eterle.cz\/eshop\/wp-json\/wp\/v2\/types\/product"}],"version-history":[{"count":1,"href":"https:\/\/eterle.cz\/eshop\/wp-json\/wp\/v2\/product\/20476\/revisions"}],"predecessor-version":[{"id":26487,"href":"https:\/\/eterle.cz\/eshop\/wp-json\/wp\/v2\/product\/20476\/revisions\/26487"}],"wp:featuredmedia":[{"embeddable":true,"href":"https:\/\/eterle.cz\/eshop\/wp-json\/wp\/v2\/media\/20477"}],"wp:attachment":[{"href":"https:\/\/eterle.cz\/eshop\/wp-json\/wp\/v2\/media?parent=20476"}],"wp:term":[{"taxonomy":"product_brand","embeddable":true,"href":"https:\/\/eterle.cz\/eshop\/wp-json\/wp\/v2\/product_brand?post=20476"},{"taxonomy":"product_cat","embeddable":true,"href":"https:\/\/eterle.cz\/eshop\/wp-json\/wp\/v2\/product_cat?post=20476"},{"taxonomy":"product_tag","embeddable":true,"href":"https:\/\/eterle.cz\/eshop\/wp-json\/wp\/v2\/product_tag?post=20476"}],"curies":[{"name":"wp","href":"https:\/\/api.w.org\/{rel}","templated":true}]}}