{"id":20504,"date":"2024-07-10T00:04:40","date_gmt":"2024-07-09T22:04:40","guid":{"rendered":"https:\/\/eterle.cz\/eshop\/produkt\/skleneny-svicen-rosenthal\/"},"modified":"2026-01-24T14:49:43","modified_gmt":"2026-01-24T13:49:43","slug":"skleneny-svicen-rosenthal","status":"publish","type":"product","link":"https:\/\/eterle.cz\/eshop\/produkt\/skleneny-svicen-rosenthal\/","title":{"rendered":"Sklen\u011bn\u00fd sv\u00edcen \/ Rosenthal"},"content":{"rendered":"<p>Sklen\u011bn\u00fd \u010dir\u00fd sv\u00edcen od n\u011bmeck\u00e9 porcel\u00e1nky Rosenthal, kter\u00fd m\u00e1 na d\u00fdnku a kalichu nohy plastick\u00fd vzor. Sv\u00edcen je elegannt\u00ed a vhodn\u00fd konickou sv\u00ed\u010dku.<\/p>\n<p>Stav: dobr\u00fd<br \/>\nZna\u010dka: Rosenthal<br \/>\nRozm\u011br<br \/>\nV\u00fd\u0161ka 15,5 cm<br \/>\nOtvor na sv\u00ed\u010dku: 1,5 cm<\/p>\n","protected":false},"excerpt":{"rendered":"<p>Sklen\u011bn\u00fd \u010dir\u00fd sv\u00edcen od n\u011bmeck\u00e9 porcel\u00e1nky Rosenthal, kter\u00fd m\u00e1 na d\u00fdnku a kalichu nohy plastick\u00fd vzor. Sv\u00edcen je elegannt\u00ed a<\/p>\n","protected":false},"featured_media":20505,"template":"","meta":[],"product_brand":[153],"product_cat":[91],"product_tag":[],"class_list":{"0":"post-20504","1":"product","2":"type-product","3":"status-publish","4":"has-post-thumbnail","6":"product_brand-eterle-cz","7":"product_cat-prodane","9":"first","10":"outofstock","11":"purchasable","12":"product-type-simple"},"_links":{"self":[{"href":"https:\/\/eterle.cz\/eshop\/wp-json\/wp\/v2\/product\/20504","targetHints":{"allow":["GET"]}}],"collection":[{"href":"https:\/\/eterle.cz\/eshop\/wp-json\/wp\/v2\/product"}],"about":[{"href":"https:\/\/eterle.cz\/eshop\/wp-json\/wp\/v2\/types\/product"}],"version-history":[{"count":1,"href":"https:\/\/eterle.cz\/eshop\/wp-json\/wp\/v2\/product\/20504\/revisions"}],"predecessor-version":[{"id":26483,"href":"https:\/\/eterle.cz\/eshop\/wp-json\/wp\/v2\/product\/20504\/revisions\/26483"}],"wp:featuredmedia":[{"embeddable":true,"href":"https:\/\/eterle.cz\/eshop\/wp-json\/wp\/v2\/media\/20505"}],"wp:attachment":[{"href":"https:\/\/eterle.cz\/eshop\/wp-json\/wp\/v2\/media?parent=20504"}],"wp:term":[{"taxonomy":"product_brand","embeddable":true,"href":"https:\/\/eterle.cz\/eshop\/wp-json\/wp\/v2\/product_brand?post=20504"},{"taxonomy":"product_cat","embeddable":true,"href":"https:\/\/eterle.cz\/eshop\/wp-json\/wp\/v2\/product_cat?post=20504"},{"taxonomy":"product_tag","embeddable":true,"href":"https:\/\/eterle.cz\/eshop\/wp-json\/wp\/v2\/product_tag?post=20504"}],"curies":[{"name":"wp","href":"https:\/\/api.w.org\/{rel}","templated":true}]}}