{"id":20517,"date":"2024-07-10T00:05:04","date_gmt":"2024-07-09T22:05:04","guid":{"rendered":"https:\/\/eterle.cz\/eshop\/produkt\/skolni-plakat-2-sv-valka\/"},"modified":"2025-02-16T02:45:24","modified_gmt":"2025-02-16T01:45:24","slug":"skolni-plakat-2-sv-valka","status":"publish","type":"product","link":"https:\/\/eterle.cz\/eshop\/produkt\/skolni-plakat-2-sv-valka\/","title":{"rendered":"\u0160koln\u00ed plak\u00e1t 2. sv v\u00e1lka"},"content":{"rendered":"<p>\u0160koln\u00ed plak\u00e1t na pogumovan\u00e9m pl\u00e1tnu zn\u00e1zor\u0148uj\u00edc\u00ed miln\u00edky druh\u00e9 sv\u011btov\u00e9 v\u00e1lky.<\/p>\n<p>Stav: dobr\u00fd, pouze v lev\u00e9m horn\u00edm rohu poma\u010dkan\u00fd a lehce potrhan\u00fd<br \/>\nRozm\u011br<br \/>\nV\u00fd\u0161ka: 100 cm<br \/>\n\u0160\u00ed\u0159ka: 70 cm<\/p>\n","protected":false},"excerpt":{"rendered":"<p>\u0160koln\u00ed plak\u00e1t na pogumovan\u00e9m pl\u00e1tnu zn\u00e1zor\u0148uj\u00edc\u00ed miln\u00edky druh\u00e9 sv\u011btov\u00e9 v\u00e1lky. Stav: dobr\u00fd, pouze v lev\u00e9m horn\u00edm rohu poma\u010dkan\u00fd a lehce<\/p>\n","protected":false},"featured_media":20518,"template":"","meta":[],"product_brand":[153],"product_cat":[91],"product_tag":[],"class_list":{"0":"post-20517","1":"product","2":"type-product","3":"status-publish","4":"has-post-thumbnail","6":"product_brand-eterle-cz","7":"product_cat-prodane","8":"product_shipping_class-nadrozmerne","10":"first","11":"outofstock","12":"purchasable","13":"product-type-simple"},"_links":{"self":[{"href":"https:\/\/eterle.cz\/eshop\/wp-json\/wp\/v2\/product\/20517","targetHints":{"allow":["GET"]}}],"collection":[{"href":"https:\/\/eterle.cz\/eshop\/wp-json\/wp\/v2\/product"}],"about":[{"href":"https:\/\/eterle.cz\/eshop\/wp-json\/wp\/v2\/types\/product"}],"version-history":[{"count":0,"href":"https:\/\/eterle.cz\/eshop\/wp-json\/wp\/v2\/product\/20517\/revisions"}],"wp:featuredmedia":[{"embeddable":true,"href":"https:\/\/eterle.cz\/eshop\/wp-json\/wp\/v2\/media\/20518"}],"wp:attachment":[{"href":"https:\/\/eterle.cz\/eshop\/wp-json\/wp\/v2\/media?parent=20517"}],"wp:term":[{"taxonomy":"product_brand","embeddable":true,"href":"https:\/\/eterle.cz\/eshop\/wp-json\/wp\/v2\/product_brand?post=20517"},{"taxonomy":"product_cat","embeddable":true,"href":"https:\/\/eterle.cz\/eshop\/wp-json\/wp\/v2\/product_cat?post=20517"},{"taxonomy":"product_tag","embeddable":true,"href":"https:\/\/eterle.cz\/eshop\/wp-json\/wp\/v2\/product_tag?post=20517"}],"curies":[{"name":"wp","href":"https:\/\/api.w.org\/{rel}","templated":true}]}}