{"id":20523,"date":"2024-07-10T00:05:16","date_gmt":"2024-07-09T22:05:16","guid":{"rendered":"https:\/\/eterle.cz\/eshop\/produkt\/skolni-plakat-pismo\/"},"modified":"2025-02-16T02:45:24","modified_gmt":"2025-02-16T01:45:24","slug":"skolni-plakat-pismo","status":"publish","type":"product","link":"https:\/\/eterle.cz\/eshop\/produkt\/skolni-plakat-pismo\/","title":{"rendered":"\u0160koln\u00ed plak\u00e1t p\u00edsmo"},"content":{"rendered":"<p>\u0160koln\u00ed plak\u00e1t p\u00edsma pro technick\u00e9 v\u00fdkresy z roku 1984.<\/p>\n<p>Stav: dobr\u00fd, odpov\u00eddaj\u00edc\u00ed st\u00e1\u0159\u00ed<br \/>\nRozm\u011br<br \/>\nV\u00fd\u0161ka:76 cm<br \/>\n\u0160\u00ed\u0159ka: 98,5 cm<\/p>\n","protected":false},"excerpt":{"rendered":"<p>\u0160koln\u00ed plak\u00e1t p\u00edsma pro technick\u00e9 v\u00fdkresy z roku 1984. Stav: dobr\u00fd, odpov\u00eddaj\u00edc\u00ed st\u00e1\u0159\u00ed Rozm\u011br V\u00fd\u0161ka:76 cm \u0160\u00ed\u0159ka: 98,5 cm<\/p>\n","protected":false},"featured_media":20524,"template":"","meta":[],"product_brand":[153],"product_cat":[91],"product_tag":[],"class_list":{"0":"post-20523","1":"product","2":"type-product","3":"status-publish","4":"has-post-thumbnail","6":"product_brand-eterle-cz","7":"product_cat-prodane","8":"product_shipping_class-nadrozmerne","10":"first","11":"outofstock","12":"purchasable","13":"product-type-simple"},"_links":{"self":[{"href":"https:\/\/eterle.cz\/eshop\/wp-json\/wp\/v2\/product\/20523","targetHints":{"allow":["GET"]}}],"collection":[{"href":"https:\/\/eterle.cz\/eshop\/wp-json\/wp\/v2\/product"}],"about":[{"href":"https:\/\/eterle.cz\/eshop\/wp-json\/wp\/v2\/types\/product"}],"version-history":[{"count":0,"href":"https:\/\/eterle.cz\/eshop\/wp-json\/wp\/v2\/product\/20523\/revisions"}],"wp:featuredmedia":[{"embeddable":true,"href":"https:\/\/eterle.cz\/eshop\/wp-json\/wp\/v2\/media\/20524"}],"wp:attachment":[{"href":"https:\/\/eterle.cz\/eshop\/wp-json\/wp\/v2\/media?parent=20523"}],"wp:term":[{"taxonomy":"product_brand","embeddable":true,"href":"https:\/\/eterle.cz\/eshop\/wp-json\/wp\/v2\/product_brand?post=20523"},{"taxonomy":"product_cat","embeddable":true,"href":"https:\/\/eterle.cz\/eshop\/wp-json\/wp\/v2\/product_cat?post=20523"},{"taxonomy":"product_tag","embeddable":true,"href":"https:\/\/eterle.cz\/eshop\/wp-json\/wp\/v2\/product_tag?post=20523"}],"curies":[{"name":"wp","href":"https:\/\/api.w.org\/{rel}","templated":true}]}}