{"id":20536,"date":"2024-07-10T00:05:39","date_gmt":"2024-07-09T22:05:39","guid":{"rendered":"https:\/\/eterle.cz\/eshop\/produkt\/skolni-plakat-historismus-i\/"},"modified":"2025-06-29T14:20:27","modified_gmt":"2025-06-29T12:20:27","slug":"skolni-plakat-historismus-i","status":"publish","type":"product","link":"https:\/\/eterle.cz\/eshop\/produkt\/skolni-plakat-historismus-i\/","title":{"rendered":"\u0160koln\u00ed plak\u00e1t Historismus I"},"content":{"rendered":"<p>\u0160koln\u00ed plak\u00e1t historismus I &#8211; novorom\u00e1nsk\u00fd kl\u00e1\u0161ter s bazilikou na Sm\u00edchov\u011b z roku 1982.<\/p>\n<p>Stav: dobr\u00fd<br \/>\nRozm\u011br<br \/>\nV\u00fd\u0161ka: 98 cm<br \/>\n\u0160\u00ed\u0159ka:70 cm<\/p>\n","protected":false},"excerpt":{"rendered":"<p>\u0160koln\u00ed plak\u00e1t historismus I &#8211; novorom\u00e1nsk\u00fd kl\u00e1\u0161ter s bazilikou na Sm\u00edchov\u011b z roku 1982. Stav: dobr\u00fd Rozm\u011br V\u00fd\u0161ka: 98 cm<\/p>\n","protected":false},"featured_media":20537,"template":"","meta":[],"product_brand":[153],"product_cat":[80,137],"product_tag":[],"class_list":{"0":"post-20536","1":"product","2":"type-product","3":"status-publish","4":"has-post-thumbnail","6":"product_brand-eterle-cz","7":"product_cat-dekorace","8":"product_cat-ostatni-dekorace","9":"product_shipping_class-nadrozmerne","11":"first","12":"instock","13":"purchasable","14":"product-type-simple"},"_links":{"self":[{"href":"https:\/\/eterle.cz\/eshop\/wp-json\/wp\/v2\/product\/20536","targetHints":{"allow":["GET"]}}],"collection":[{"href":"https:\/\/eterle.cz\/eshop\/wp-json\/wp\/v2\/product"}],"about":[{"href":"https:\/\/eterle.cz\/eshop\/wp-json\/wp\/v2\/types\/product"}],"version-history":[{"count":1,"href":"https:\/\/eterle.cz\/eshop\/wp-json\/wp\/v2\/product\/20536\/revisions"}],"predecessor-version":[{"id":26629,"href":"https:\/\/eterle.cz\/eshop\/wp-json\/wp\/v2\/product\/20536\/revisions\/26629"}],"wp:featuredmedia":[{"embeddable":true,"href":"https:\/\/eterle.cz\/eshop\/wp-json\/wp\/v2\/media\/20537"}],"wp:attachment":[{"href":"https:\/\/eterle.cz\/eshop\/wp-json\/wp\/v2\/media?parent=20536"}],"wp:term":[{"taxonomy":"product_brand","embeddable":true,"href":"https:\/\/eterle.cz\/eshop\/wp-json\/wp\/v2\/product_brand?post=20536"},{"taxonomy":"product_cat","embeddable":true,"href":"https:\/\/eterle.cz\/eshop\/wp-json\/wp\/v2\/product_cat?post=20536"},{"taxonomy":"product_tag","embeddable":true,"href":"https:\/\/eterle.cz\/eshop\/wp-json\/wp\/v2\/product_tag?post=20536"}],"curies":[{"name":"wp","href":"https:\/\/api.w.org\/{rel}","templated":true}]}}