{"id":20544,"date":"2024-07-10T00:05:52","date_gmt":"2024-07-09T22:05:52","guid":{"rendered":"https:\/\/eterle.cz\/eshop\/produkt\/skolni-plakat-historismus-ii\/"},"modified":"2025-02-16T02:45:23","modified_gmt":"2025-02-16T01:45:23","slug":"skolni-plakat-historismus-ii","status":"publish","type":"product","link":"https:\/\/eterle.cz\/eshop\/produkt\/skolni-plakat-historismus-ii\/","title":{"rendered":"\u0160koln\u00ed plak\u00e1t Historismus II"},"content":{"rendered":"<p>\u0160koln\u00ed plak\u00e1t historismus II &#8211; N\u00e1rodn\u00ed divadlo z roku 1982.<\/p>\n<p>Stav:<br \/>\nRozm\u011br<br \/>\nV\u00fd\u0161ka: 98 cm<br \/>\n\u0160\u00ed\u0159ka: 70 cm<\/p>\n","protected":false},"excerpt":{"rendered":"<p>\u0160koln\u00ed plak\u00e1t historismus II &#8211; N\u00e1rodn\u00ed divadlo z roku 1982. Stav: Rozm\u011br V\u00fd\u0161ka: 98 cm \u0160\u00ed\u0159ka: 70 cm<\/p>\n","protected":false},"featured_media":20545,"template":"","meta":[],"product_brand":[153],"product_cat":[91],"product_tag":[],"class_list":{"0":"post-20544","1":"product","2":"type-product","3":"status-publish","4":"has-post-thumbnail","6":"product_brand-eterle-cz","7":"product_cat-prodane","8":"product_shipping_class-nadrozmerne","10":"first","11":"outofstock","12":"purchasable","13":"product-type-simple"},"_links":{"self":[{"href":"https:\/\/eterle.cz\/eshop\/wp-json\/wp\/v2\/product\/20544","targetHints":{"allow":["GET"]}}],"collection":[{"href":"https:\/\/eterle.cz\/eshop\/wp-json\/wp\/v2\/product"}],"about":[{"href":"https:\/\/eterle.cz\/eshop\/wp-json\/wp\/v2\/types\/product"}],"version-history":[{"count":0,"href":"https:\/\/eterle.cz\/eshop\/wp-json\/wp\/v2\/product\/20544\/revisions"}],"wp:featuredmedia":[{"embeddable":true,"href":"https:\/\/eterle.cz\/eshop\/wp-json\/wp\/v2\/media\/20545"}],"wp:attachment":[{"href":"https:\/\/eterle.cz\/eshop\/wp-json\/wp\/v2\/media?parent=20544"}],"wp:term":[{"taxonomy":"product_brand","embeddable":true,"href":"https:\/\/eterle.cz\/eshop\/wp-json\/wp\/v2\/product_brand?post=20544"},{"taxonomy":"product_cat","embeddable":true,"href":"https:\/\/eterle.cz\/eshop\/wp-json\/wp\/v2\/product_cat?post=20544"},{"taxonomy":"product_tag","embeddable":true,"href":"https:\/\/eterle.cz\/eshop\/wp-json\/wp\/v2\/product_tag?post=20544"}],"curies":[{"name":"wp","href":"https:\/\/api.w.org\/{rel}","templated":true}]}}