{"id":20553,"date":"2024-07-10T00:06:08","date_gmt":"2024-07-09T22:06:08","guid":{"rendered":"https:\/\/eterle.cz\/eshop\/produkt\/sklenena-misa-3\/"},"modified":"2025-06-24T01:55:31","modified_gmt":"2025-06-23T23:55:31","slug":"sklenena-misa-3","status":"publish","type":"product","link":"https:\/\/eterle.cz\/eshop\/produkt\/sklenena-misa-3\/","title":{"rendered":"Sklen\u011bn\u00e1 m\u00edsa"},"content":{"rendered":"<p>T\u011b\u017ek\u00e1 sklen\u011bn\u00e1 m\u00edsa s plastick\u00fdm \u0161rafov\u00e1n\u00edm z obdob\u00ed \u010ceskoslovenska.<\/p>\n<p>Stav: perfektn\u00ed<br \/>\nRozm\u011br<br \/>\nPr\u016fm\u011br: 24 cm<br \/>\nV\u00fd\u0161ka: 4,5 cm<\/p>\n","protected":false},"excerpt":{"rendered":"<p>T\u011b\u017ek\u00e1 sklen\u011bn\u00e1 m\u00edsa s plastick\u00fdm \u0161rafov\u00e1n\u00edm z obdob\u00ed \u010ceskoslovenska. Stav: perfektn\u00ed Rozm\u011br Pr\u016fm\u011br: 24 cm V\u00fd\u0161ka: 4,5 cm<\/p>\n","protected":false},"featured_media":20554,"template":"","meta":[],"product_brand":[153],"product_cat":[75,133],"product_tag":[],"class_list":{"0":"post-20553","1":"product","2":"type-product","3":"status-publish","4":"has-post-thumbnail","6":"product_brand-eterle-cz","7":"product_cat-sklo","8":"product_cat-misy-sklo","10":"first","11":"instock","12":"purchasable","13":"product-type-simple"},"_links":{"self":[{"href":"https:\/\/eterle.cz\/eshop\/wp-json\/wp\/v2\/product\/20553","targetHints":{"allow":["GET"]}}],"collection":[{"href":"https:\/\/eterle.cz\/eshop\/wp-json\/wp\/v2\/product"}],"about":[{"href":"https:\/\/eterle.cz\/eshop\/wp-json\/wp\/v2\/types\/product"}],"version-history":[{"count":1,"href":"https:\/\/eterle.cz\/eshop\/wp-json\/wp\/v2\/product\/20553\/revisions"}],"predecessor-version":[{"id":26481,"href":"https:\/\/eterle.cz\/eshop\/wp-json\/wp\/v2\/product\/20553\/revisions\/26481"}],"wp:featuredmedia":[{"embeddable":true,"href":"https:\/\/eterle.cz\/eshop\/wp-json\/wp\/v2\/media\/20554"}],"wp:attachment":[{"href":"https:\/\/eterle.cz\/eshop\/wp-json\/wp\/v2\/media?parent=20553"}],"wp:term":[{"taxonomy":"product_brand","embeddable":true,"href":"https:\/\/eterle.cz\/eshop\/wp-json\/wp\/v2\/product_brand?post=20553"},{"taxonomy":"product_cat","embeddable":true,"href":"https:\/\/eterle.cz\/eshop\/wp-json\/wp\/v2\/product_cat?post=20553"},{"taxonomy":"product_tag","embeddable":true,"href":"https:\/\/eterle.cz\/eshop\/wp-json\/wp\/v2\/product_tag?post=20553"}],"curies":[{"name":"wp","href":"https:\/\/api.w.org\/{rel}","templated":true}]}}