{"id":20567,"date":"2024-07-10T00:06:35","date_gmt":"2024-07-09T22:06:35","guid":{"rendered":"https:\/\/eterle.cz\/eshop\/produkt\/sada-na-vino-pro-2-moser\/"},"modified":"2026-02-01T00:24:10","modified_gmt":"2026-01-31T23:24:10","slug":"sada-na-vino-pro-2-moser","status":"publish","type":"product","link":"https:\/\/eterle.cz\/eshop\/produkt\/sada-na-vino-pro-2-moser\/","title":{"rendered":"Sada na v\u00edno pro 2 \/ Moser"},"content":{"rendered":"<p>Sada na v\u00edno pro dva od zan\u010dky Moser, z nejluxusn\u011bj\u0161\u00ed ikonick\u00e9 kolekce Splendid. N\u00e1ro\u010dn\u00fd v\u00fdrobn\u00ed postup se od roku 1911 nezm\u011bnil. K\u0159i\u0161\u0165\u00e1l a unik\u00e1tn\u00ed brus dopln\u011bn\u00fd zdobnou oroplastikou je pro tuto kolekci typick\u00fd. Na sv\u011btovou sc\u00e9nu vstoupil Splendid v roce 1947, kdy jej prezident \u010ceskoslovensk\u00e9 republiky, Edvard Bene\u0161, v\u011bnoval jako svatebn\u00ed dar anglick\u00e9 princezn\u011b a budouc\u00ed kr\u00e1lovn\u011b Al\u017eb\u011bt\u011b II. Mezi obdivovatele kolekce Splendid pat\u0159ili i dal\u0161\u00ed \u010de\u0161t\u00ed prezidenti ( T.G.Masaryk, V\u00e1clav Have), p\u0159ep\u0159edn\u00ed evrop\u0161t\u00ed panovn\u00edci \u010di kr\u00e1lovsk\u00e9 rodiny.<\/p>\n<p>Stav: nov\u00e9, s certik\u00e1tem<br \/>\nZna\u010dka: Moser<br \/>\nRozm\u011br<br \/>\nV\u00fd\u0161ka: 21,5 cm<br \/>\nObjem: 260 ml<\/p>\n","protected":false},"excerpt":{"rendered":"<p>Sada na v\u00edno pro dva od zan\u010dky Moser, z nejluxusn\u011bj\u0161\u00ed ikonick\u00e9 kolekce Splendid. N\u00e1ro\u010dn\u00fd v\u00fdrobn\u00ed postup se od roku 1911<\/p>\n","protected":false},"featured_media":20568,"template":"","meta":[],"product_brand":[153],"product_cat":[91],"product_tag":[],"class_list":{"0":"post-20567","1":"product","2":"type-product","3":"status-publish","4":"has-post-thumbnail","6":"product_brand-eterle-cz","7":"product_cat-prodane","9":"first","10":"outofstock","11":"purchasable","12":"product-type-simple"},"_links":{"self":[{"href":"https:\/\/eterle.cz\/eshop\/wp-json\/wp\/v2\/product\/20567","targetHints":{"allow":["GET"]}}],"collection":[{"href":"https:\/\/eterle.cz\/eshop\/wp-json\/wp\/v2\/product"}],"about":[{"href":"https:\/\/eterle.cz\/eshop\/wp-json\/wp\/v2\/types\/product"}],"version-history":[{"count":1,"href":"https:\/\/eterle.cz\/eshop\/wp-json\/wp\/v2\/product\/20567\/revisions"}],"predecessor-version":[{"id":26479,"href":"https:\/\/eterle.cz\/eshop\/wp-json\/wp\/v2\/product\/20567\/revisions\/26479"}],"wp:featuredmedia":[{"embeddable":true,"href":"https:\/\/eterle.cz\/eshop\/wp-json\/wp\/v2\/media\/20568"}],"wp:attachment":[{"href":"https:\/\/eterle.cz\/eshop\/wp-json\/wp\/v2\/media?parent=20567"}],"wp:term":[{"taxonomy":"product_brand","embeddable":true,"href":"https:\/\/eterle.cz\/eshop\/wp-json\/wp\/v2\/product_brand?post=20567"},{"taxonomy":"product_cat","embeddable":true,"href":"https:\/\/eterle.cz\/eshop\/wp-json\/wp\/v2\/product_cat?post=20567"},{"taxonomy":"product_tag","embeddable":true,"href":"https:\/\/eterle.cz\/eshop\/wp-json\/wp\/v2\/product_tag?post=20567"}],"curies":[{"name":"wp","href":"https:\/\/api.w.org\/{rel}","templated":true}]}}