{"id":20577,"date":"2024-07-10T00:06:52","date_gmt":"2024-07-09T22:06:52","guid":{"rendered":"https:\/\/eterle.cz\/eshop\/produkt\/miska-na-noze-moser\/"},"modified":"2025-11-30T22:48:24","modified_gmt":"2025-11-30T21:48:24","slug":"miska-na-noze-moser","status":"publish","type":"product","link":"https:\/\/eterle.cz\/eshop\/produkt\/miska-na-noze-moser\/","title":{"rendered":"Miska na noze \/ Moser"},"content":{"rendered":"<p>Miska na noze od zna\u010dky Moser z velmi tenk\u00e9ho skla bude vhodn\u00e1 jak na ovocn\u00e9, krevetov\u00e9 sal\u00e1ty.<\/p>\n<p>Stav: nov\u00e9, origin\u00e1l balen\u00ed<br \/>\nZna\u010dka: Moser<br \/>\nRozm\u011br<br \/>\nV\u00fd\u0161ka: 10 cm<br \/>\nPr\u016fm\u011br: 12,5 cm<br \/>\nObjem: 350 ml<\/p>\n","protected":false},"excerpt":{"rendered":"<p>Miska na noze od zna\u010dky Moser z velmi tenk\u00e9ho skla bude vhodn\u00e1 jak na ovocn\u00e9, krevetov\u00e9 sal\u00e1ty. Stav: nov\u00e9, origin\u00e1l<\/p>\n","protected":false},"featured_media":20578,"template":"","meta":[],"product_brand":[153],"product_cat":[75,133],"product_tag":[],"class_list":{"0":"post-20577","1":"product","2":"type-product","3":"status-publish","4":"has-post-thumbnail","6":"product_brand-eterle-cz","7":"product_cat-sklo","8":"product_cat-misy-sklo","10":"first","11":"instock","12":"purchasable","13":"product-type-simple"},"_links":{"self":[{"href":"https:\/\/eterle.cz\/eshop\/wp-json\/wp\/v2\/product\/20577","targetHints":{"allow":["GET"]}}],"collection":[{"href":"https:\/\/eterle.cz\/eshop\/wp-json\/wp\/v2\/product"}],"about":[{"href":"https:\/\/eterle.cz\/eshop\/wp-json\/wp\/v2\/types\/product"}],"version-history":[{"count":1,"href":"https:\/\/eterle.cz\/eshop\/wp-json\/wp\/v2\/product\/20577\/revisions"}],"predecessor-version":[{"id":26478,"href":"https:\/\/eterle.cz\/eshop\/wp-json\/wp\/v2\/product\/20577\/revisions\/26478"}],"wp:featuredmedia":[{"embeddable":true,"href":"https:\/\/eterle.cz\/eshop\/wp-json\/wp\/v2\/media\/20578"}],"wp:attachment":[{"href":"https:\/\/eterle.cz\/eshop\/wp-json\/wp\/v2\/media?parent=20577"}],"wp:term":[{"taxonomy":"product_brand","embeddable":true,"href":"https:\/\/eterle.cz\/eshop\/wp-json\/wp\/v2\/product_brand?post=20577"},{"taxonomy":"product_cat","embeddable":true,"href":"https:\/\/eterle.cz\/eshop\/wp-json\/wp\/v2\/product_cat?post=20577"},{"taxonomy":"product_tag","embeddable":true,"href":"https:\/\/eterle.cz\/eshop\/wp-json\/wp\/v2\/product_tag?post=20577"}],"curies":[{"name":"wp","href":"https:\/\/api.w.org\/{rel}","templated":true}]}}