{"id":20589,"date":"2024-07-10T00:07:12","date_gmt":"2024-07-09T22:07:12","guid":{"rendered":"https:\/\/eterle.cz\/eshop\/produkt\/karafa-brousena\/"},"modified":"2025-12-15T00:33:16","modified_gmt":"2025-12-14T23:33:16","slug":"karafa-brousena","status":"publish","type":"product","link":"https:\/\/eterle.cz\/eshop\/produkt\/karafa-brousena\/","title":{"rendered":"Karafa brou\u0161en\u00e1"},"content":{"rendered":"<p>Vysoce brou\u0161en\u00e1 karafa s dominantn\u00ed rovn\u011b\u017e brou\u0161enou z\u00e1tkou.<\/p>\n<p>Stav: dobr\u00fd<br \/>\nRozm\u011br<br \/>\nObjem: 700 ml<br \/>\nV\u00fd\u0161ka:  31 cm<\/p>\n","protected":false},"excerpt":{"rendered":"<p>Vysoce brou\u0161en\u00e1 karafa s dominantn\u00ed rovn\u011b\u017e brou\u0161enou z\u00e1tkou. Stav: dobr\u00fd Rozm\u011br Objem: 700 ml V\u00fd\u0161ka: 31 cm<\/p>\n","protected":false},"featured_media":20590,"template":"","meta":[],"product_brand":[153],"product_cat":[91],"product_tag":[],"class_list":{"0":"post-20589","1":"product","2":"type-product","3":"status-publish","4":"has-post-thumbnail","6":"product_brand-eterle-cz","7":"product_cat-prodane","9":"first","10":"outofstock","11":"purchasable","12":"product-type-simple"},"_links":{"self":[{"href":"https:\/\/eterle.cz\/eshop\/wp-json\/wp\/v2\/product\/20589","targetHints":{"allow":["GET"]}}],"collection":[{"href":"https:\/\/eterle.cz\/eshop\/wp-json\/wp\/v2\/product"}],"about":[{"href":"https:\/\/eterle.cz\/eshop\/wp-json\/wp\/v2\/types\/product"}],"version-history":[{"count":1,"href":"https:\/\/eterle.cz\/eshop\/wp-json\/wp\/v2\/product\/20589\/revisions"}],"predecessor-version":[{"id":26476,"href":"https:\/\/eterle.cz\/eshop\/wp-json\/wp\/v2\/product\/20589\/revisions\/26476"}],"wp:featuredmedia":[{"embeddable":true,"href":"https:\/\/eterle.cz\/eshop\/wp-json\/wp\/v2\/media\/20590"}],"wp:attachment":[{"href":"https:\/\/eterle.cz\/eshop\/wp-json\/wp\/v2\/media?parent=20589"}],"wp:term":[{"taxonomy":"product_brand","embeddable":true,"href":"https:\/\/eterle.cz\/eshop\/wp-json\/wp\/v2\/product_brand?post=20589"},{"taxonomy":"product_cat","embeddable":true,"href":"https:\/\/eterle.cz\/eshop\/wp-json\/wp\/v2\/product_cat?post=20589"},{"taxonomy":"product_tag","embeddable":true,"href":"https:\/\/eterle.cz\/eshop\/wp-json\/wp\/v2\/product_tag?post=20589"}],"curies":[{"name":"wp","href":"https:\/\/api.w.org\/{rel}","templated":true}]}}